{"id":50767,"date":"2025-02-14T11:47:11","date_gmt":"2025-02-14T14:47:11","guid":{"rendered":"https:\/\/apub.org.br\/?page_id=50767"},"modified":"2025-02-14T14:00:45","modified_gmt":"2025-02-14T17:00:45","slug":"orcamento","status":"publish","type":"page","link":"https:\/\/www.apub.org.br\/siteantigo\/orcamento\/","title":{"rendered":"OR\u00c7AMENTO"},"content":{"rendered":"\t\t<div data-elementor-type=\"wp-page\" data-elementor-id=\"50767\" class=\"elementor elementor-50767\" data-elementor-post-type=\"page\">\n\t\t\t\t\t\t<section class=\"elementor-section elementor-top-section elementor-element elementor-element-06483d1 elementor-section-boxed elementor-section-height-default elementor-section-height-default\" data-id=\"06483d1\" data-element_type=\"section\">\n\t\t\t\t\t\t<div class=\"elementor-container elementor-column-gap-default\">\n\t\t\t\t\t<div class=\"elementor-column elementor-col-100 elementor-top-column elementor-element elementor-element-4b80095\" data-id=\"4b80095\" data-element_type=\"column\">\n\t\t\t<div class=\"elementor-widget-wrap elementor-element-populated\">\n\t\t\t\t\t\t<div class=\"elementor-element elementor-element-8b11ff1 elementor-widget elementor-widget-theme-post-title elementor-page-title elementor-widget-heading\" data-id=\"8b11ff1\" data-element_type=\"widget\" data-widget_type=\"theme-post-title.default\">\n\t\t\t\t<div class=\"elementor-widget-container\">\n\t\t\t\t\t<h1 class=\"elementor-heading-title elementor-size-default\">OR\u00c7AMENTO<\/h1>\t\t\t\t<\/div>\n\t\t\t\t<\/div>\n\t\t\t\t\t<\/div>\n\t\t<\/div>\n\t\t\t\t\t<\/div>\n\t\t<\/section>\n\t\t\t\t<section class=\"elementor-section elementor-top-section elementor-element elementor-element-75628f8 elementor-section-boxed elementor-section-height-default elementor-section-height-default\" data-id=\"75628f8\" data-element_type=\"section\">\n\t\t\t\t\t\t<div class=\"elementor-container elementor-column-gap-default\">\n\t\t\t\t\t<div class=\"elementor-column elementor-col-100 elementor-top-column elementor-element elementor-element-7ac2d30\" data-id=\"7ac2d30\" data-element_type=\"column\">\n\t\t\t<div class=\"elementor-widget-wrap elementor-element-populated\">\n\t\t\t\t\t\t<div class=\"elementor-element elementor-element-b39cf2d elementor-grid-4 elementor-grid-tablet-2 elementor-grid-mobile-1 elementor-posts--thumbnail-top elementor-card-shadow-yes elementor-posts__hover-gradient elementor-widget elementor-widget-posts\" data-id=\"b39cf2d\" data-element_type=\"widget\" data-settings=\"{&quot;cards_columns&quot;:&quot;4&quot;,&quot;cards_columns_tablet&quot;:&quot;2&quot;,&quot;cards_columns_mobile&quot;:&quot;1&quot;,&quot;cards_row_gap&quot;:{&quot;unit&quot;:&quot;px&quot;,&quot;size&quot;:35,&quot;sizes&quot;:[]},&quot;cards_row_gap_tablet&quot;:{&quot;unit&quot;:&quot;px&quot;,&quot;size&quot;:&quot;&quot;,&quot;sizes&quot;:[]},&quot;cards_row_gap_mobile&quot;:{&quot;unit&quot;:&quot;px&quot;,&quot;size&quot;:&quot;&quot;,&quot;sizes&quot;:[]}}\" data-widget_type=\"posts.cards\">\n\t\t\t\t<div class=\"elementor-widget-container\">\n\t\t\t\t\t\t\t<div class=\"elementor-posts-container elementor-posts elementor-posts--skin-cards elementor-grid\" role=\"list\">\n\t\t\t\t<article class=\"elementor-post elementor-grid-item post-50756 post type-post status-publish format-standard has-post-thumbnail hentry category-orcamento category-latest-news\" role=\"listitem\">\n\t\t\t<div class=\"elementor-post__card\">\n\t\t\t\t<a class=\"elementor-post__thumbnail__link\" href=\"https:\/\/www.apub.org.br\/siteantigo\/docentes-intensificam-articulacoes-pela-ampliacao-do-orcamento-das-ifes\/\" tabindex=\"-1\" ><div class=\"elementor-post__thumbnail\"><img fetchpriority=\"high\" decoding=\"async\" width=\"300\" height=\"300\" src=\"https:\/\/www.apub.org.br\/siteantigo\/wp-content\/uploads\/2025\/02\/WhatsApp-Image-2025-02-13-at-14.08.03.jpeg\" class=\"attachment-medium size-medium wp-image-50765\" alt=\"\" \/><\/div><\/a>\n\t\t\t\t<div class=\"elementor-post__badge\">OR\u00c7AMENTO<\/div>\n\t\t\t\t<div class=\"elementor-post__text\">\n\t\t\t\t<h3 class=\"elementor-post__title\">\n\t\t\t<a href=\"https:\/\/www.apub.org.br\/siteantigo\/docentes-intensificam-articulacoes-pela-ampliacao-do-orcamento-das-ifes\/\" >\n\t\t\t\tDocentes intensificam articula\u00e7\u00f5es pela amplia\u00e7\u00e3o do or\u00e7amento das IFES\t\t\t<\/a>\n\t\t<\/h3>\n\t\t\t\t<div class=\"elementor-post__excerpt\">\n\t\t\t<p>O movimento docente segue mobilizado, com as aten\u00e7\u00f5es voltadas para o Congresso Nacional, at\u00e9 que seja garantida a recomposi\u00e7\u00e3o do or\u00e7amento das Institui\u00e7\u00f5es Federais de<\/p>\n\t\t<\/div>\n\t\t\t\t\t<div class=\"elementor-post__read-more-wrapper\">\n\t\t\n\t\t<a class=\"elementor-post__read-more\" href=\"https:\/\/www.apub.org.br\/siteantigo\/docentes-intensificam-articulacoes-pela-ampliacao-do-orcamento-das-ifes\/\" aria-label=\"Read more about Docentes intensificam articula\u00e7\u00f5es pela amplia\u00e7\u00e3o do or\u00e7amento das IFES\" tabindex=\"-1\" >\n\t\t\tLeia mais \u00bb\t\t<\/a>\n\n\t\t\t\t\t<\/div>\n\t\t\t\t<\/div>\n\t\t\t\t<div class=\"elementor-post__meta-data\">\n\t\t\t\t\t<span class=\"elementor-post-date\">\n\t\t\t13\/02\/2025\t\t<\/span>\n\t\t\t\t<\/div>\n\t\t\t\t\t<\/div>\n\t\t<\/article>\n\t\t\t\t<\/div>\n\t\t\n\t\t\t\t\t\t<\/div>\n\t\t\t\t<\/div>\n\t\t\t\t\t<\/div>\n\t\t<\/div>\n\t\t\t\t\t<\/div>\n\t\t<\/section>\n\t\t\t\t<\/div>\n\t\t","protected":false},"excerpt":{"rendered":"","protected":false},"author":1,"featured_media":0,"parent":0,"menu_order":0,"comment_status":"closed","ping_status":"closed","template":"elementor_header_footer","meta":{"footnotes":""},"class_list":["post-50767","page","type-page","status-publish","hentry"],"_links":{"self":[{"href":"https:\/\/www.apub.org.br\/siteantigo\/wp-json\/wp\/v2\/pages\/50767","targetHints":{"allow":["GET"]}}],"collection":[{"href":"https:\/\/www.apub.org.br\/siteantigo\/wp-json\/wp\/v2\/pages"}],"about":[{"href":"https:\/\/www.apub.org.br\/siteantigo\/wp-json\/wp\/v2\/types\/page"}],"author":[{"embeddable":true,"href":"https:\/\/www.apub.org.br\/siteantigo\/wp-json\/wp\/v2\/users\/1"}],"replies":[{"embeddable":true,"href":"https:\/\/www.apub.org.br\/siteantigo\/wp-json\/wp\/v2\/comments?post=50767"}],"version-history":[{"count":13,"href":"https:\/\/www.apub.org.br\/siteantigo\/wp-json\/wp\/v2\/pages\/50767\/revisions"}],"predecessor-version":[{"id":50805,"href":"https:\/\/www.apub.org.br\/siteantigo\/wp-json\/wp\/v2\/pages\/50767\/revisions\/50805"}],"wp:attachment":[{"href":"https:\/\/www.apub.org.br\/siteantigo\/wp-json\/wp\/v2\/media?parent=50767"}],"curies":[{"name":"wp","href":"https:\/\/api.w.org\/{rel}","templated":true}]}}