{"id":49148,"date":"2024-08-13T10:52:08","date_gmt":"2024-08-13T13:52:08","guid":{"rendered":"https:\/\/apub.org.br\/?page_id=49148"},"modified":"2024-08-14T15:21:58","modified_gmt":"2024-08-14T18:21:58","slug":"assembleia-geral-extraordinaria-16-agosto-2024","status":"publish","type":"page","link":"https:\/\/www.apub.org.br\/siteantigo\/assembleia-geral-extraordinaria-16-agosto-2024\/","title":{"rendered":"ASSEMBLEIA GERAL EXTRAORDINARIA 16 AGOSTO 2024"},"content":{"rendered":"\t\t<div data-elementor-type=\"wp-page\" data-elementor-id=\"49148\" class=\"elementor elementor-49148\" data-elementor-post-type=\"page\">\n\t\t\t\t\t\t<section class=\"elementor-section elementor-top-section elementor-element elementor-element-fec6485 elementor-section-boxed elementor-section-height-default elementor-section-height-default\" data-id=\"fec6485\" data-element_type=\"section\">\n\t\t\t\t\t\t<div class=\"elementor-container elementor-column-gap-default\">\n\t\t\t\t\t<div class=\"elementor-column elementor-col-100 elementor-top-column elementor-element elementor-element-e7509fd\" data-id=\"e7509fd\" data-element_type=\"column\">\n\t\t\t<div class=\"elementor-widget-wrap elementor-element-populated\">\n\t\t\t\t\t\t<div class=\"elementor-element elementor-element-c4071ab elementor-widget elementor-widget-image\" data-id=\"c4071ab\" data-element_type=\"widget\" data-widget_type=\"image.default\">\n\t\t\t\t<div class=\"elementor-widget-container\">\n\t\t\t\t\t\t\t\t\t\t\t\t\t\t\t\t<a href=\"https:\/\/us06web.zoom.us\/j\/89818710480?pwd=F2cbsaxIn8PmZ25jXTiVljKz1oKcwx.1\">\n\t\t\t\t\t\t\t<img fetchpriority=\"high\" decoding=\"async\" width=\"3544\" height=\"3555\" src=\"https:\/\/www.apub.org.br\/siteantigo\/wp-content\/uploads\/2024\/08\/card-BANNER-SITE-AG-16-DE-AGOSTO-DE-2024-PAGINA.jpg\" class=\"attachment-full size-full wp-image-49222\" alt=\"\" \/>\t\t\t\t\t\t\t\t<\/a>\n\t\t\t\t\t\t\t\t\t\t\t\t\t\t\t<\/div>\n\t\t\t\t<\/div>\n\t\t\t\t<div class=\"elementor-element elementor-element-fcbbd2f elementor-widget elementor-widget-heading\" data-id=\"fcbbd2f\" data-element_type=\"widget\" data-widget_type=\"heading.default\">\n\t\t\t\t<div class=\"elementor-widget-container\">\n\t\t\t\t\t<h6 class=\"elementor-heading-title elementor-size-default\">Acesse e compartilhe o link da Assembleia: https:\/\/tinyurl.com\/yuhb7awa<\/h6>\t\t\t\t<\/div>\n\t\t\t\t<\/div>\n\t\t\t\t\t<\/div>\n\t\t<\/div>\n\t\t\t\t\t<\/div>\n\t\t<\/section>\n\t\t\t\t<section class=\"elementor-section elementor-top-section elementor-element elementor-element-ac1ae2b elementor-section-boxed elementor-section-height-default elementor-section-height-default\" data-id=\"ac1ae2b\" data-element_type=\"section\">\n\t\t\t\t\t\t<div class=\"elementor-container elementor-column-gap-default\">\n\t\t\t\t\t<div class=\"elementor-column elementor-col-33 elementor-top-column elementor-element elementor-element-91ec614\" data-id=\"91ec614\" data-element_type=\"column\">\n\t\t\t<div class=\"elementor-widget-wrap elementor-element-populated\">\n\t\t\t\t\t\t<div class=\"elementor-element elementor-element-df8da1a elementor-widget-divider--view-line elementor-widget elementor-widget-divider\" data-id=\"df8da1a\" data-element_type=\"widget\" data-widget_type=\"divider.default\">\n\t\t\t\t<div class=\"elementor-widget-container\">\n\t\t\t\t\t\t\t<div class=\"elementor-divider\">\n\t\t\t<span class=\"elementor-divider-separator\">\n\t\t\t\t\t\t<\/span>\n\t\t<\/div>\n\t\t\t\t\t\t<\/div>\n\t\t\t\t<\/div>\n\t\t\t\t\t<\/div>\n\t\t<\/div>\n\t\t\t\t<div class=\"elementor-column elementor-col-33 elementor-top-column elementor-element elementor-element-43b8946\" data-id=\"43b8946\" data-element_type=\"column\">\n\t\t\t<div class=\"elementor-widget-wrap elementor-element-populated\">\n\t\t\t\t\t\t<div class=\"elementor-element elementor-element-8c2076f elementor-widget-divider--view-line elementor-widget elementor-widget-divider\" data-id=\"8c2076f\" data-element_type=\"widget\" data-widget_type=\"divider.default\">\n\t\t\t\t<div class=\"elementor-widget-container\">\n\t\t\t\t\t\t\t<div class=\"elementor-divider\">\n\t\t\t<span class=\"elementor-divider-separator\">\n\t\t\t\t\t\t<\/span>\n\t\t<\/div>\n\t\t\t\t\t\t<\/div>\n\t\t\t\t<\/div>\n\t\t\t\t<div class=\"elementor-element elementor-element-5b32ab2 elementor-widget elementor-widget-image\" data-id=\"5b32ab2\" data-element_type=\"widget\" data-widget_type=\"image.default\">\n\t\t\t\t<div class=\"elementor-widget-container\">\n\t\t\t\t\t\t\t\t\t\t\t\t\t\t\t\t<a href=\"https:\/\/apub.org.br\/wp-content\/uploads\/2024\/08\/Tutorial-Zoom-Assembleia-2.pdf\">\n\t\t\t\t\t\t\t<img decoding=\"async\" width=\"768\" height=\"1042\" src=\"https:\/\/www.apub.org.br\/siteantigo\/wp-content\/uploads\/2024\/08\/tela-tutorial-zoom.jpg\" class=\"attachment-medium_large size-medium_large wp-image-49237\" alt=\"\" \/>\t\t\t\t\t\t\t\t<\/a>\n\t\t\t\t\t\t\t\t\t\t\t\t\t\t\t<\/div>\n\t\t\t\t<\/div>\n\t\t\t\t\t<\/div>\n\t\t<\/div>\n\t\t\t\t<div class=\"elementor-column elementor-col-33 elementor-top-column elementor-element elementor-element-fc58749\" data-id=\"fc58749\" data-element_type=\"column\">\n\t\t\t<div class=\"elementor-widget-wrap elementor-element-populated\">\n\t\t\t\t\t\t<div class=\"elementor-element elementor-element-656e26e elementor-widget-divider--view-line elementor-widget elementor-widget-divider\" data-id=\"656e26e\" data-element_type=\"widget\" data-widget_type=\"divider.default\">\n\t\t\t\t<div class=\"elementor-widget-container\">\n\t\t\t\t\t\t\t<div class=\"elementor-divider\">\n\t\t\t<span class=\"elementor-divider-separator\">\n\t\t\t\t\t\t<\/span>\n\t\t<\/div>\n\t\t\t\t\t\t<\/div>\n\t\t\t\t<\/div>\n\t\t\t\t\t<\/div>\n\t\t<\/div>\n\t\t\t\t\t<\/div>\n\t\t<\/section>\n\t\t\t\t<section class=\"elementor-section elementor-top-section elementor-element elementor-element-fde900b elementor-section-boxed elementor-section-height-default elementor-section-height-default\" data-id=\"fde900b\" data-element_type=\"section\">\n\t\t\t\t\t\t<div class=\"elementor-container elementor-column-gap-default\">\n\t\t\t\t\t<div class=\"elementor-column elementor-col-100 elementor-top-column elementor-element elementor-element-333ea3d\" data-id=\"333ea3d\" data-element_type=\"column\">\n\t\t\t<div class=\"elementor-widget-wrap elementor-element-populated\">\n\t\t\t\t\t\t<div class=\"elementor-element elementor-element-8ae75db elementor-widget-divider--view-line elementor-widget elementor-widget-divider\" data-id=\"8ae75db\" data-element_type=\"widget\" data-widget_type=\"divider.default\">\n\t\t\t\t<div class=\"elementor-widget-container\">\n\t\t\t\t\t\t\t<div class=\"elementor-divider\">\n\t\t\t<span class=\"elementor-divider-separator\">\n\t\t\t\t\t\t<\/span>\n\t\t<\/div>\n\t\t\t\t\t\t<\/div>\n\t\t\t\t<\/div>\n\t\t\t\t<div class=\"elementor-element elementor-element-c8562d4 elementor-widget elementor-widget-accordion\" data-id=\"c8562d4\" data-element_type=\"widget\" data-widget_type=\"accordion.default\">\n\t\t\t\t<div class=\"elementor-widget-container\">\n\t\t\t\t\t\t\t<div class=\"elementor-accordion\">\n\t\t\t\t\t\t\t<div class=\"elementor-accordion-item\">\n\t\t\t\t\t<div id=\"elementor-tab-title-2101\" class=\"elementor-tab-title\" data-tab=\"1\" role=\"button\" aria-controls=\"elementor-tab-content-2101\" aria-expanded=\"false\">\n\t\t\t\t\t\t\t\t\t\t\t\t\t<span class=\"elementor-accordion-icon elementor-accordion-icon-left\" aria-hidden=\"true\">\n\t\t\t\t\t\t\t\t\t\t\t\t\t\t\t<span class=\"elementor-accordion-icon-closed\"><i class=\"fas fa-plus\"><\/i><\/span>\n\t\t\t\t\t\t\t\t<span class=\"elementor-accordion-icon-opened\"><i class=\"fas fa-minus\"><\/i><\/span>\n\t\t\t\t\t\t\t\t\t\t\t\t\t\t<\/span>\n\t\t\t\t\t\t\t\t\t\t\t\t<a class=\"elementor-accordion-title\" tabindex=\"0\">Assembleia Geral Extraordin\u00e1ria 16 de agosto: Veja como participar<\/a>\n\t\t\t\t\t<\/div>\n\t\t\t\t\t<div id=\"elementor-tab-content-2101\" class=\"elementor-tab-content elementor-clearfix\" data-tab=\"1\" role=\"region\" aria-labelledby=\"elementor-tab-title-2101\"><p>A Apub realiza, no pr\u00f3ximo dia 16, \u00e0s 9h da manh\u00e3, uma Assembleia Geral Extraordin\u00e1ria, de acordo com os termos do Estatuto do Sindicato, na qual professoras e professores v\u00e3o definir sobre a filia\u00e7\u00e3o ou n\u00e3o da Apub ao PROIFES. A Assembleia ser\u00e1 realizada de modo online, via aplicativo Zoom, e\u00a0 por isso \u00e9 muito importante que todos\/as se atentem ao funcionamento da Assembleia. Veja aqui como participar:<\/p><p><span style=\"background-color: transparent; color: var( --e-global-color-text );\"><strong>1.<\/strong>\u00a0<\/span><strong style=\"background-color: transparent; color: var( --e-global-color-text );\">Quem pode participar da Assembleia?<\/strong><\/p><p>A participa\u00e7\u00e3o na Assembleia \u00e9 aberta a todas\/os as\/os docentes. No entanto, apenas docentes filiadas\/os ter\u00e3o direito a voz e voto no Zoom.<\/p><p><span style=\"background-color: transparent; color: var( --e-global-color-text );\"><strong>2.<\/strong>\u00a0<\/span><strong style=\"background-color: transparent; color: var( --e-global-color-text );\">Como vou entrar na Assembleia?<\/strong><\/p><p>O link para acesso \u00e0 Assembleia no Zoom ser\u00e1 massivamente divulgado via e-mail, site da Apub, Instagram e Comunidade da Apub no whatsapp.<br \/>\u00c9 muito importante que, no momento de ingresso na Assembleia no Zoom, voc\u00ea coloque seu nome completo.<\/p><p><span style=\"background-color: transparent; color: var( --e-global-color-text );\"><strong>3.<\/strong>\u00a0<\/span><strong style=\"background-color: transparent; color: var( --e-global-color-text );\">Como ser\u00e1 realizada a Assembleia?<\/strong><\/p><p>A Assembleia ser\u00e1 realizada em duas etapas:<\/p><ul class=\"wp-block-list\"><li>Primeira etapa: Defesa de posi\u00e7\u00f5es, via aplicativo Zoom<\/li><li>Segunda etapa: Vota\u00e7\u00e3o, via sistema Panagora<br \/><br \/><\/li><\/ul><p><strong>4.<\/strong><strong style=\"background-color: transparent; color: var( --e-global-color-text );\"> Em qual plataforma a Assembleia ser\u00e1 realizada?<\/strong><\/p><p>A Assembleia do dia 16 vai acontecer via plataforma Zoom (defesas) e via sistema Panagora (vota\u00e7\u00e3o).<br \/>Quem j\u00e1 tem o aplicativo Zoom no seu celular ou no computador \/ notebook, precisa apenas clicar nos links que ser\u00e3o divulgados, at\u00e9 48 horas antes da Assembleia, para participar.<\/p><p><strong>5. N\u00e3o tenho o Zoom no meu celular ou no meu computador, o que devo fazer?<\/strong><\/p><p>Quem n\u00e3o tem a plataforma Zoom, precisa instalar no seu dispositivo.<\/p><p>No celular, \u00e9 preciso ir \u00e0 loja de aplicativos (Playstore para celular Android ou AppStore para iPhone), buscar por \u201cZoom\u201d e instalar.<\/p><p>No notebook \/ computador, \u00e9 preciso ir no site\u00a0<a href=\"https:\/\/zoom.us\/\">https:\/\/zoom.us\/<\/a>, clicar em \u201cInscreva-se gratuitamente\u201d e seguir os passos que forem orientados para a instala\u00e7\u00e3o do programa.<\/p><p>Caso voc\u00ea n\u00e3o consiga instalar o aplicativo Zoom e considere que precisa de ajuda, entre em contato com a Apub &gt;&gt; 71 99157-0037<\/p><p><strong>6. A vota\u00e7\u00e3o ser\u00e1 pelo Zoom?<\/strong><\/p><p>N\u00e3o. No Zoom v\u00e3o acontecer apenas as defesas de posi\u00e7\u00f5es. Por uma quest\u00e3o de seguran\u00e7a, a delibera\u00e7\u00e3o da Assembleia vai acontecer, a partir das 11h, no sistema Panagora, o mesmo usado na enquete realizada pela Apub.<\/p><p><strong>8. Como vou participar da Assembleia?<\/strong><\/p><p>A fala na Assembleia ser\u00e1 concedida mediante inscri\u00e7\u00e3o, apenas a professores filiadas e filiados que estejam devidamente identificados com seu nome e sobrenome.<\/p><p>Caso ainda n\u00e3o o tenha feito, uma vez dentro do aplicativo Zoom, voc\u00ea pode mudar seu nome clicando em \u201cParticipantes\u201d, localizando seu nome na lista de participantes, depois clicando no bot\u00e3o azul \u201cmais\u201d ao lado do seu nome e, por fim, clicando em \u201cRenomear\u201d.<\/p><p>O respeito \u00e0s manifesta\u00e7\u00f5es discordantes ser\u00e1 imprescind\u00edvel para a participa\u00e7\u00e3o de todas\/os na Assembleia.<\/p><p>Participantes que fa\u00e7am uso da fala usando de viol\u00eancia e agress\u00e3o ter\u00e3o o microfone silenciado.<\/p><p>Da mesma forma, no bate-papo, n\u00e3o ser\u00e3o toleradas manifesta\u00e7\u00f5es violentas. O\/a participante que incorrer nesse tipo de manifesta\u00e7\u00e3o ser\u00e1 alertado via chat e, em caso de reincid\u00eancia, ser\u00e1 retirado da Assembleia.<\/p><p>A assembleia \u00e9 um momento fundamental para a organiza\u00e7\u00e3o sindical e para a livre circula\u00e7\u00e3o de ideias. Participe e construa coletivamente e de forma ampla as posi\u00e7\u00f5es do sindicato!<\/p><\/div>\n\t\t\t\t<\/div>\n\t\t\t\t\t\t\t\t<\/div>\n\t\t\t\t\t\t<\/div>\n\t\t\t\t<\/div>\n\t\t\t\t\t<\/div>\n\t\t<\/div>\n\t\t\t\t\t<\/div>\n\t\t<\/section>\n\t\t\t\t<\/div>\n\t\t","protected":false},"excerpt":{"rendered":"<p>Acesse e compartilhe o link da Assembleia: https:\/\/tinyurl.com\/yuhb7awa Assembleia Geral Extraordin\u00e1ria 16 de agosto: Veja como participar A Apub realiza, no pr\u00f3ximo dia 16, \u00e0s 9h da manh\u00e3, uma Assembleia Geral Extraordin\u00e1ria, de acordo com os termos do Estatuto do Sindicato, na qual professoras e professores v\u00e3o definir sobre a filia\u00e7\u00e3o ou n\u00e3o da Apub [&hellip;]<\/p>\n","protected":false},"author":1,"featured_media":0,"parent":0,"menu_order":0,"comment_status":"closed","ping_status":"closed","template":"elementor_header_footer","meta":{"footnotes":""},"class_list":["post-49148","page","type-page","status-publish","hentry"],"_links":{"self":[{"href":"https:\/\/www.apub.org.br\/siteantigo\/wp-json\/wp\/v2\/pages\/49148","targetHints":{"allow":["GET"]}}],"collection":[{"href":"https:\/\/www.apub.org.br\/siteantigo\/wp-json\/wp\/v2\/pages"}],"about":[{"href":"https:\/\/www.apub.org.br\/siteantigo\/wp-json\/wp\/v2\/types\/page"}],"author":[{"embeddable":true,"href":"https:\/\/www.apub.org.br\/siteantigo\/wp-json\/wp\/v2\/users\/1"}],"replies":[{"embeddable":true,"href":"https:\/\/www.apub.org.br\/siteantigo\/wp-json\/wp\/v2\/comments?post=49148"}],"version-history":[{"count":88,"href":"https:\/\/www.apub.org.br\/siteantigo\/wp-json\/wp\/v2\/pages\/49148\/revisions"}],"predecessor-version":[{"id":49273,"href":"https:\/\/www.apub.org.br\/siteantigo\/wp-json\/wp\/v2\/pages\/49148\/revisions\/49273"}],"wp:attachment":[{"href":"https:\/\/www.apub.org.br\/siteantigo\/wp-json\/wp\/v2\/media?parent=49148"}],"curies":[{"name":"wp","href":"https:\/\/api.w.org\/{rel}","templated":true}]}}