{"id":43598,"date":"2023-05-09T14:13:17","date_gmt":"2023-05-09T17:13:17","guid":{"rendered":"http:\/\/apub.org.br\/?page_id=43598"},"modified":"2023-05-09T14:45:34","modified_gmt":"2023-05-09T17:45:34","slug":"aviso-de-privacidade","status":"publish","type":"page","link":"https:\/\/www.apub.org.br\/siteantigo\/aviso-de-privacidade\/","title":{"rendered":"AVISO DE PRIVACIDADE"},"content":{"rendered":"\n<p>A APUB SINDICATO, entende seu relevante papel na sociedade. Com isso em vista, a APUB acredita que sua opera\u00e7\u00e3o deve conciliar os benef\u00edcios do sindicalismo com a defesa do ordenamento jur\u00eddico e dos valores sociais.<\/p>\n\n\n\n<p>Para tanto, a APUB implementou programa de Compliance, atrav\u00e9s do qual visa a diminui\u00e7\u00e3o de riscos de viola\u00e7\u00e3o das normas legais, buscando o seu desenvolvimento de maneira sustent\u00e1vel.<\/p>\n\n\n\n<p>Nesta p\u00e1gina se encontra parte das ferramentas utilizadas no programa de Compliance da APUB, as quais asseguram \u00e0 APUB SINDICATO n\u00e3o apenas a realiza\u00e7\u00e3o de procedimentos e diretrizes de conformidade, mas tamb\u00e9m a consolida\u00e7\u00e3o de uma cultura que refor\u00e7a seus valores como organiza\u00e7\u00e3o.<\/p>\n\n\n\n<p><strong>Aviso de privacidade&nbsp;<\/strong><\/p>\n\n\n\n<p>N\u00f3s coletamos e utilizamos alguns Dados Pessoais, para a finalidade espec\u00edfica de fornecer os servi\u00e7os da APUB e dar suporte aos nossos clientes. Ao faz\u00ea-lo, agimos na qualidade de operador destes dados e estamos aderentes \u00e0s disposi\u00e7\u00f5es da Lei Federal&nbsp; 13.709\/2018 (Lei Geral de Prote\u00e7\u00e3o de Dados \u2013 LGPD).<\/p>\n\n\n\n<p>Apenas armazenaremos os Dados Pessoais pelo per\u00edodo necess\u00e1rio para cumprimento do contrato de presta\u00e7\u00e3o de servi\u00e7os ou para cumprir qualquer exig\u00eancia legal ou regulat\u00f3ria.<\/p>\n\n\n\n<p>Cuidamos da prote\u00e7\u00e3o dos dados pessoais armazenados de forma respons\u00e1vel e em total respeito \u00e0 privacidade e, por isso, em breve disponibilizaremos nossas pol\u00edticas de seguran\u00e7a da informa\u00e7\u00e3o no site:&nbsp;<a href=\"http:\/\/www.apub.org.br\/\" target=\"_blank\" rel=\"noreferrer noopener\">www.apub.org.br<\/a><\/p>\n\n\n\n<p><strong>Aceite<\/strong><\/p>\n\n\n\n<p>O aceite aos termos deste regulamento ocorrer\u00e1 quando voc\u00ea acessar ou usar o site, software ou servi\u00e7os da APUB. Ao acessar ou utilizar estes servi\u00e7os, voc\u00ea declara que est\u00e1 ciente e de acordo com os termos e condi\u00e7\u00f5es previstos neste documento.<\/p>\n\n\n\n<p>Se n\u00e3o concordar com algum dos termos e condi\u00e7\u00f5es aqui previstos, n\u00e3o dever\u00e1 utilizar os produtos e servi\u00e7os da APUB. Neste caso, voc\u00ea poder\u00e1 entrar em contato com o Encarregado de Dados Pessoais.<\/p>\n\n\n\n<p><strong>Encarregado de Dados Pessoais<\/strong><\/p>\n\n\n\n<p>O Sr. Carlos Vilmar O. Souza \u00e9 o nosso Encarregado pelo Tratamento de Dados Pessoais, que atua como canal de comunica\u00e7\u00e3o com os titulares dos dados e a Autoridade Nacional de Prote\u00e7\u00e3o de Dados (ANPD), nos termos do Art 5o, VIII, da LGPD.<\/p>\n\n\n\n<p>O nosso DPO dever\u00e1:<\/p>\n\n\n\n<p>(i) aceitar reclama\u00e7\u00f5es e comunica\u00e7\u00f5es dos titulares, prestar esclarecimentos e adotar provid\u00eancias;<\/p>\n\n\n\n<p>(ii) receber comunica\u00e7\u00f5es da autoridade nacional e adotar provid\u00eancias;<\/p>\n\n\n\n<p>(iii) orientar os funcion\u00e1rios e os contratados da entidade a respeito das pr\u00e1ticas a serem tomadas em rela\u00e7\u00e3o \u00e0 prote\u00e7\u00e3o de dados pessoais; e<\/p>\n\n\n\n<p>(iv) executar as demais atribui\u00e7\u00f5es determinadas pela Empresa ou estabelecidas em normas complementares.<\/p>\n\n\n\n<p>Voc\u00ea pode entrar em contato com o nosso Encarregado de Dados Pessoais atrav\u00e9s do e-mail\u00a0<a href=\"mailto:ascom@apub.org.br\" target=\"_blank\" rel=\"noreferrer noopener\">ascom@apub.org.br<\/a>\u00a0ou pelo telefone (71) 3235-7433.<\/p>\n\n\n\n<p><strong>Prote\u00e7\u00e3o dos Dados e Informa\u00e7\u00f5es<\/strong><\/p>\n\n\n\n<p>A APUB est\u00e1 empenhada em garantir a prote\u00e7\u00e3o e a confidencialidade dos dados aos quais venha a ter acesso, em especial no que diz respeito aos dados pessoais, de acordo com os fundamentos, princ\u00edpios e demais disposi\u00e7\u00f5es previstas na Lei Geral de Prote\u00e7\u00e3o de Dados e demais legisla\u00e7\u00e3o aplic\u00e1vel.<\/p>\n\n\n\n<p><strong>Coleta de Dados Pessoais<\/strong><\/p>\n\n\n\n<p>A APUB coleta dados dos usu\u00e1rios de seus produtos, alguns s\u00e3o coletados diretamente, enquanto outros s\u00e3o obtidos ao coletarmos informa\u00e7\u00f5es sobre suas intera\u00e7\u00f5es, uso e experi\u00eancias com nossos produtos. E tamb\u00e9m obtemos dados sobre voc\u00ea de terceiros, para as mesmas finalidades permitidas a tais terceiros.<\/p>\n\n\n\n<p>Alguns dos nossos produtos exigem determinados dados pessoais para que o servi\u00e7o seja oferecido. Caso voc\u00ea opte por n\u00e3o disponibilizar os dados necess\u00e1rios para o fornecimento de um produto, servi\u00e7o ou recurso, voc\u00ea n\u00e3o poder\u00e1 utiliz\u00e1-lo.<\/p>\n\n\n\n<p>Em alguns casos precisaremos coletar dados pessoais para formalizar uma rela\u00e7\u00e3o contratual, ou para o cumprimento de uma obriga\u00e7\u00e3o legal. Se alguma destas hip\u00f3teses estiver relacionada a um produto que j\u00e1 esteja sendo utilizado, a continuidade da sua utiliza\u00e7\u00e3o tamb\u00e9m depender\u00e1 da aceita\u00e7\u00e3o dos termos e condi\u00e7\u00f5es ora explicitados.<\/p>\n\n\n\n<p><strong>Cookies<\/strong><\/p>\n\n\n\n<p>Poderemos utilizar em nossos aplicativos as categorias de cookies abaixo identificadas:<\/p>\n\n\n\n<p>Cookies necess\u00e1rios para o funcionamento de website: estes cookies s\u00e3o necess\u00e1rios para o funcionamento dos nossos websites e n\u00e3o podem ser desativados dos nossos sistemas. O usu\u00e1rio pode modificar o seu navegador para desativar esses cookies ou para ser notificado quando esses cookies s\u00e3o ativados. Podem haver situa\u00e7\u00f5es em que partes do website poder\u00e3o deixar de funcionar. Esses cookies n\u00e3o guardam informa\u00e7\u00e3o pessoal.<\/p>\n\n\n\n<p>Cookies de desempenho: Estes cookies permitem-nos calcular m\u00e9tricas de utilizadores e tr\u00e1fego para melhorar o desempenho dos nossos servidores. Estes cookies ajudam-nos a saber qual o \u00edndice de visita\u00e7\u00e3o das p\u00e1ginas visualizadas e a forma como os usu\u00e1rios navegam nos aplicativos. As informa\u00e7\u00f5es coletadas atrav\u00e9s destes cookies s\u00e3o agregadas e an\u00f4nimas. Se o usu\u00e1rio n\u00e3o aceitar estes cookies n\u00e3o seremos capazes de monitorar seu desempenho.<\/p>\n\n\n\n<p>Cookies funcionais: permitem a disponibiliza\u00e7\u00e3o no website uma experi\u00eancia de usu\u00e1rio melhorada. Esses cookies podem ser gerados por n\u00f3s ou por servi\u00e7os de terceiros que adicionamos \u00e0s nossas p\u00e1ginas. N\u00e3o aceitando esses cookies, esses servi\u00e7os n\u00e3o poder\u00e3o funcionar corretamente.<\/p>\n\n\n\n<p>Os dados coletados pela APUB ser\u00e3o exclu\u00eddos de nossos servidores quando voc\u00ea solicitar ou quando n\u00e3o forem mais necess\u00e1rios para a finalidade proposta, salvo se houver obriga\u00e7\u00e3o legal para a sua manuten\u00e7\u00e3o.<\/p>\n\n\n\n<p><strong>Pol\u00edtica de Seguran\u00e7a da Informa\u00e7\u00e3o<\/strong><\/p>\n\n\n\n<p>No intuito de respeitar as diretrizes e determina\u00e7\u00f5es da Lei Geral de Prote\u00e7\u00e3o de Dados e tamb\u00e9m garantir a seguran\u00e7a das informa\u00e7\u00f5es que det\u00eam, a APUB possui tanto as presentes normas de privacidade quanto uma detalhada Pol\u00edtica de Seguran\u00e7a da Informa\u00e7\u00e3o \u2013 PSI, a qual poder\u00e1 ser acessada logo abaixo.&nbsp;<\/p>\n","protected":false},"excerpt":{"rendered":"<p>A APUB SINDICATO, entende seu relevante papel na sociedade. Com isso em vista, a APUB acredita que sua opera\u00e7\u00e3o deve conciliar os benef\u00edcios do sindicalismo com a defesa do ordenamento jur\u00eddico e dos valores sociais. Para tanto, a APUB implementou programa de Compliance, atrav\u00e9s do qual visa a diminui\u00e7\u00e3o de riscos de viola\u00e7\u00e3o das normas [&hellip;]<\/p>\n","protected":false},"author":3,"featured_media":0,"parent":0,"menu_order":0,"comment_status":"closed","ping_status":"closed","template":"","meta":{"footnotes":""},"class_list":["post-43598","page","type-page","status-publish","hentry"],"_links":{"self":[{"href":"https:\/\/www.apub.org.br\/siteantigo\/wp-json\/wp\/v2\/pages\/43598","targetHints":{"allow":["GET"]}}],"collection":[{"href":"https:\/\/www.apub.org.br\/siteantigo\/wp-json\/wp\/v2\/pages"}],"about":[{"href":"https:\/\/www.apub.org.br\/siteantigo\/wp-json\/wp\/v2\/types\/page"}],"author":[{"embeddable":true,"href":"https:\/\/www.apub.org.br\/siteantigo\/wp-json\/wp\/v2\/users\/3"}],"replies":[{"embeddable":true,"href":"https:\/\/www.apub.org.br\/siteantigo\/wp-json\/wp\/v2\/comments?post=43598"}],"version-history":[{"count":3,"href":"https:\/\/www.apub.org.br\/siteantigo\/wp-json\/wp\/v2\/pages\/43598\/revisions"}],"predecessor-version":[{"id":43611,"href":"https:\/\/www.apub.org.br\/siteantigo\/wp-json\/wp\/v2\/pages\/43598\/revisions\/43611"}],"wp:attachment":[{"href":"https:\/\/www.apub.org.br\/siteantigo\/wp-json\/wp\/v2\/media?parent=43598"}],"curies":[{"name":"wp","href":"https:\/\/api.w.org\/{rel}","templated":true}]}}