{"id":39791,"date":"2022-08-10T14:14:27","date_gmt":"2022-08-10T17:14:27","guid":{"rendered":"http:\/\/apub.org.br\/?page_id=39791"},"modified":"2022-10-25T10:19:38","modified_gmt":"2022-10-25T13:19:38","slug":"noticias-da-universidade-na-praca-2022","status":"publish","type":"page","link":"https:\/\/www.apub.org.br\/siteantigo\/noticias-da-universidade-na-praca-2022\/","title":{"rendered":"ELEI\u00c7\u00d5ES APUB 2022 &#8211; 2024"},"content":{"rendered":"\t\t<div data-elementor-type=\"wp-page\" data-elementor-id=\"39791\" class=\"elementor elementor-39791\" data-elementor-post-type=\"page\">\n\t\t\t\t\t\t<section class=\"elementor-section elementor-top-section elementor-element elementor-element-eaecb5c elementor-section-boxed elementor-section-height-default elementor-section-height-default\" data-id=\"eaecb5c\" data-element_type=\"section\">\n\t\t\t\t\t\t<div class=\"elementor-container elementor-column-gap-default\">\n\t\t\t\t\t<div class=\"elementor-column elementor-col-100 elementor-top-column elementor-element elementor-element-cba90dc\" data-id=\"cba90dc\" data-element_type=\"column\">\n\t\t\t<div class=\"elementor-widget-wrap elementor-element-populated\">\n\t\t\t\t\t\t<div class=\"elementor-element elementor-element-d37ccef elementor-widget elementor-widget-image\" data-id=\"d37ccef\" data-element_type=\"widget\" data-widget_type=\"image.default\">\n\t\t\t\t<div class=\"elementor-widget-container\">\n\t\t\t\t\t\t\t\t\t\t\t\t\t\t\t<img fetchpriority=\"high\" decoding=\"async\" width=\"2000\" height=\"432\" src=\"https:\/\/www.apub.org.br\/siteantigo\/wp-content\/uploads\/2022\/10\/BANNER-SITE-NOTICIAS.png\" class=\"attachment-full size-full wp-image-40966\" alt=\"\" srcset=\"https:\/\/www.apub.org.br\/siteantigo\/wp-content\/uploads\/2022\/10\/BANNER-SITE-NOTICIAS.png 2000w, https:\/\/www.apub.org.br\/siteantigo\/wp-content\/uploads\/2022\/10\/BANNER-SITE-NOTICIAS-300x65.png 300w, https:\/\/www.apub.org.br\/siteantigo\/wp-content\/uploads\/2022\/10\/BANNER-SITE-NOTICIAS-1024x221.png 1024w, https:\/\/www.apub.org.br\/siteantigo\/wp-content\/uploads\/2022\/10\/BANNER-SITE-NOTICIAS-768x166.png 768w, https:\/\/www.apub.org.br\/siteantigo\/wp-content\/uploads\/2022\/10\/BANNER-SITE-NOTICIAS-1536x332.png 1536w\" sizes=\"(max-width: 2000px) 100vw, 2000px\" \/>\t\t\t\t\t\t\t\t\t\t\t\t\t\t\t<\/div>\n\t\t\t\t<\/div>\n\t\t\t\t<div class=\"elementor-element elementor-element-880dab5 elementor-grid-3 elementor-grid-tablet-2 elementor-grid-mobile-1 elementor-posts--thumbnail-top elementor-card-shadow-yes elementor-posts__hover-gradient elementor-widget elementor-widget-posts\" data-id=\"880dab5\" data-element_type=\"widget\" data-settings=\"{&quot;cards_row_gap&quot;:{&quot;unit&quot;:&quot;px&quot;,&quot;size&quot;:34,&quot;sizes&quot;:[]},&quot;cards_columns&quot;:&quot;3&quot;,&quot;cards_columns_tablet&quot;:&quot;2&quot;,&quot;cards_columns_mobile&quot;:&quot;1&quot;,&quot;cards_row_gap_tablet&quot;:{&quot;unit&quot;:&quot;px&quot;,&quot;size&quot;:&quot;&quot;,&quot;sizes&quot;:[]},&quot;cards_row_gap_mobile&quot;:{&quot;unit&quot;:&quot;px&quot;,&quot;size&quot;:&quot;&quot;,&quot;sizes&quot;:[]}}\" data-widget_type=\"posts.cards\">\n\t\t\t\t<div class=\"elementor-widget-container\">\n\t\t\t\t\t\t\t<div class=\"elementor-posts-container elementor-posts elementor-posts--skin-cards elementor-grid\" role=\"list\">\n\t\t\t\t<article class=\"elementor-post elementor-grid-item post-41189 post type-post status-publish format-standard has-post-thumbnail hentry category-eleicoes-apub-2022-2024 category-latest-news\" role=\"listitem\">\n\t\t\t<div class=\"elementor-post__card\">\n\t\t\t\t<a class=\"elementor-post__thumbnail__link\" href=\"https:\/\/www.apub.org.br\/siteantigo\/comissao-disponibiliza-material-das-chapas-para-as-eleicoes-da-apub-bienio-2022-2024\/\" tabindex=\"-1\" ><div class=\"elementor-post__thumbnail\"><img decoding=\"async\" width=\"300\" height=\"300\" src=\"https:\/\/www.apub.org.br\/siteantigo\/wp-content\/uploads\/2022\/10\/CARD-INFORME-NO-SITE-ELEMENTOS-DA-ELEICAO-1-300x300.jpg\" class=\"attachment-medium size-medium wp-image-41033\" alt=\"\" srcset=\"https:\/\/www.apub.org.br\/siteantigo\/wp-content\/uploads\/2022\/10\/CARD-INFORME-NO-SITE-ELEMENTOS-DA-ELEICAO-1-300x300.jpg 300w, https:\/\/www.apub.org.br\/siteantigo\/wp-content\/uploads\/2022\/10\/CARD-INFORME-NO-SITE-ELEMENTOS-DA-ELEICAO-1-1024x1024.jpg 1024w, https:\/\/www.apub.org.br\/siteantigo\/wp-content\/uploads\/2022\/10\/CARD-INFORME-NO-SITE-ELEMENTOS-DA-ELEICAO-1-150x150.jpg 150w\" sizes=\"(max-width: 300px) 100vw, 300px\" \/><\/div><\/a>\n\t\t\t\t<div class=\"elementor-post__text\">\n\t\t\t\t<h3 class=\"elementor-post__title\">\n\t\t\t<a href=\"https:\/\/www.apub.org.br\/siteantigo\/comissao-disponibiliza-material-das-chapas-para-as-eleicoes-da-apub-bienio-2022-2024\/\" >\n\t\t\t\tComiss\u00e3o disponibiliza material das chapas para as elei\u00e7\u00f5es da APUB (bi\u00eanio 2022-2024)\t\t\t<\/a>\n\t\t<\/h3>\n\t\t\t\t<div class=\"elementor-post__excerpt\">\n\t\t\t<p>Confira abaixo os programas das chapas e curr\u00edculos das\/os candidatas\/os: Chapa 1 &#8211; Tecendo o Amanh\u00e3 Chapa 2 &#8211; Renova Apub Chapa 3 &#8211; Democracia<\/p>\n\t\t<\/div>\n\t\t\n\t\t<a class=\"elementor-post__read-more\" href=\"https:\/\/www.apub.org.br\/siteantigo\/comissao-disponibiliza-material-das-chapas-para-as-eleicoes-da-apub-bienio-2022-2024\/\" aria-label=\"Read more about Comiss\u00e3o disponibiliza material das chapas para as elei\u00e7\u00f5es da APUB (bi\u00eanio 2022-2024)\" tabindex=\"-1\" >\n\t\t\tLeia mais \u00bb\t\t<\/a>\n\n\t\t\t\t<\/div>\n\t\t\t\t<div class=\"elementor-post__meta-data\">\n\t\t\t\t\t<span class=\"elementor-post-date\">\n\t\t\t21\/11\/2022\t\t<\/span>\n\t\t\t\t<\/div>\n\t\t\t\t\t<\/div>\n\t\t<\/article>\n\t\t\t\t<article class=\"elementor-post elementor-grid-item post-41174 post type-post status-publish format-standard has-post-thumbnail hentry category-eleicoes-apub-2022-2024 category-latest-news\" role=\"listitem\">\n\t\t\t<div class=\"elementor-post__card\">\n\t\t\t\t<a class=\"elementor-post__thumbnail__link\" href=\"https:\/\/www.apub.org.br\/siteantigo\/confira-o-passo-a-passo-para-votacao\/\" tabindex=\"-1\" ><div class=\"elementor-post__thumbnail\"><img decoding=\"async\" width=\"300\" height=\"300\" src=\"https:\/\/www.apub.org.br\/siteantigo\/wp-content\/uploads\/2022\/11\/cad-passo-a-passo-300x300.jpg\" class=\"attachment-medium size-medium wp-image-41175\" alt=\"\" srcset=\"https:\/\/www.apub.org.br\/siteantigo\/wp-content\/uploads\/2022\/11\/cad-passo-a-passo-300x300.jpg 300w, https:\/\/www.apub.org.br\/siteantigo\/wp-content\/uploads\/2022\/11\/cad-passo-a-passo-150x150.jpg 150w, https:\/\/www.apub.org.br\/siteantigo\/wp-content\/uploads\/2022\/11\/cad-passo-a-passo.jpg 650w\" sizes=\"(max-width: 300px) 100vw, 300px\" \/><\/div><\/a>\n\t\t\t\t<div class=\"elementor-post__text\">\n\t\t\t\t<h3 class=\"elementor-post__title\">\n\t\t\t<a href=\"https:\/\/www.apub.org.br\/siteantigo\/confira-o-passo-a-passo-para-votacao\/\" >\n\t\t\t\tElei\u00e7\u00f5es APUB: saiba como votar\t\t\t<\/a>\n\t\t<\/h3>\n\t\t\t\t<div class=\"elementor-post__excerpt\">\n\t\t\t<p>Confira o passo a passo para auxiliar na hora da vota\u00e7\u00e3o. Fique atento \u00e0s etapas para efetiva\u00e7\u00e3o do seu voto no sistema Pan\u00e1gora. Para acessar<\/p>\n\t\t<\/div>\n\t\t\n\t\t<a class=\"elementor-post__read-more\" href=\"https:\/\/www.apub.org.br\/siteantigo\/confira-o-passo-a-passo-para-votacao\/\" aria-label=\"Read more about Elei\u00e7\u00f5es APUB: saiba como votar\" tabindex=\"-1\" >\n\t\t\tLeia mais \u00bb\t\t<\/a>\n\n\t\t\t\t<\/div>\n\t\t\t\t<div class=\"elementor-post__meta-data\">\n\t\t\t\t\t<span class=\"elementor-post-date\">\n\t\t\t18\/11\/2022\t\t<\/span>\n\t\t\t\t<\/div>\n\t\t\t\t\t<\/div>\n\t\t<\/article>\n\t\t\t\t<article class=\"elementor-post elementor-grid-item post-41018 post type-post status-publish format-standard has-post-thumbnail hentry category-eleicoes-apub-2022-2024 category-latest-news\" role=\"listitem\">\n\t\t\t<div class=\"elementor-post__card\">\n\t\t\t\t<a class=\"elementor-post__thumbnail__link\" href=\"https:\/\/www.apub.org.br\/siteantigo\/eleicoes-apub-2022-2024-informes-da-comissao-eleitoral-sobre-urna-eletronica-fixa-e-auxilio-de-monitores-para-votacao\/\" tabindex=\"-1\" ><div class=\"elementor-post__thumbnail\"><img decoding=\"async\" width=\"300\" height=\"300\" src=\"https:\/\/www.apub.org.br\/siteantigo\/wp-content\/uploads\/2022\/10\/CARD-INFORME-NO-SITE-ELEMENTOS-DA-ELEICAO-1-300x300.jpg\" class=\"attachment-medium size-medium wp-image-41033\" alt=\"\" srcset=\"https:\/\/www.apub.org.br\/siteantigo\/wp-content\/uploads\/2022\/10\/CARD-INFORME-NO-SITE-ELEMENTOS-DA-ELEICAO-1-300x300.jpg 300w, https:\/\/www.apub.org.br\/siteantigo\/wp-content\/uploads\/2022\/10\/CARD-INFORME-NO-SITE-ELEMENTOS-DA-ELEICAO-1-1024x1024.jpg 1024w, https:\/\/www.apub.org.br\/siteantigo\/wp-content\/uploads\/2022\/10\/CARD-INFORME-NO-SITE-ELEMENTOS-DA-ELEICAO-1-150x150.jpg 150w\" sizes=\"(max-width: 300px) 100vw, 300px\" \/><\/div><\/a>\n\t\t\t\t<div class=\"elementor-post__text\">\n\t\t\t\t<h3 class=\"elementor-post__title\">\n\t\t\t<a href=\"https:\/\/www.apub.org.br\/siteantigo\/eleicoes-apub-2022-2024-informes-da-comissao-eleitoral-sobre-urna-eletronica-fixa-e-auxilio-de-monitores-para-votacao\/\" >\n\t\t\t\tElei\u00e7\u00f5es APUB (2022-2024) &#8211; Informes da comiss\u00e3o eleitoral sobre urna eletr\u00f4nica fixa e aux\u00edlio de monitores para vota\u00e7\u00e3o\t\t\t<\/a>\n\t\t<\/h3>\n\t\t\t\t<div class=\"elementor-post__excerpt\">\n\t\t\t<p>A comiss\u00e3o eleitoral, respons\u00e1vel pela organiza\u00e7\u00e3o das elei\u00e7\u00f5es da Diretoria, Conselho Fiscal e Conselho de Representantes da APUB Sindicato para o bi\u00eanio 2022-2024, se reuniu<\/p>\n\t\t<\/div>\n\t\t\n\t\t<a class=\"elementor-post__read-more\" href=\"https:\/\/www.apub.org.br\/siteantigo\/eleicoes-apub-2022-2024-informes-da-comissao-eleitoral-sobre-urna-eletronica-fixa-e-auxilio-de-monitores-para-votacao\/\" aria-label=\"Read more about Elei\u00e7\u00f5es APUB (2022-2024) &#8211; Informes da comiss\u00e3o eleitoral sobre urna eletr\u00f4nica fixa e aux\u00edlio de monitores para vota\u00e7\u00e3o\" tabindex=\"-1\" >\n\t\t\tLeia mais \u00bb\t\t<\/a>\n\n\t\t\t\t<\/div>\n\t\t\t\t<div class=\"elementor-post__meta-data\">\n\t\t\t\t\t<span class=\"elementor-post-date\">\n\t\t\t31\/10\/2022\t\t<\/span>\n\t\t\t\t<\/div>\n\t\t\t\t\t<\/div>\n\t\t<\/article>\n\t\t\t\t<article class=\"elementor-post elementor-grid-item post-40943 post type-post status-publish format-standard has-post-thumbnail hentry category-eleicoes-apub-2022-2024 category-latest-news\" role=\"listitem\">\n\t\t\t<div class=\"elementor-post__card\">\n\t\t\t\t<a class=\"elementor-post__thumbnail__link\" href=\"https:\/\/www.apub.org.br\/siteantigo\/eleicoes-apub-comissao-publica-regimento-eleitoral-4\/\" tabindex=\"-1\" ><div class=\"elementor-post__thumbnail\"><img loading=\"lazy\" decoding=\"async\" width=\"300\" height=\"300\" src=\"https:\/\/www.apub.org.br\/siteantigo\/wp-content\/uploads\/2022\/10\/CARD-PARA-DIVULGACAO-NO-SITE-ELEMENTOS-DA-ELEICAO-300x300.jpg\" class=\"attachment-medium size-medium wp-image-40945\" alt=\"\" srcset=\"https:\/\/www.apub.org.br\/siteantigo\/wp-content\/uploads\/2022\/10\/CARD-PARA-DIVULGACAO-NO-SITE-ELEMENTOS-DA-ELEICAO-300x300.jpg 300w, https:\/\/www.apub.org.br\/siteantigo\/wp-content\/uploads\/2022\/10\/CARD-PARA-DIVULGACAO-NO-SITE-ELEMENTOS-DA-ELEICAO-1024x1024.jpg 1024w\" sizes=\"(max-width: 300px) 100vw, 300px\" \/><\/div><\/a>\n\t\t\t\t<div class=\"elementor-post__text\">\n\t\t\t\t<h3 class=\"elementor-post__title\">\n\t\t\t<a href=\"https:\/\/www.apub.org.br\/siteantigo\/eleicoes-apub-comissao-publica-regimento-eleitoral-4\/\" >\n\t\t\t\tElei\u00e7\u00f5es APUB: Comiss\u00e3o publica Regimento Eleitoral\t\t\t<\/a>\n\t\t<\/h3>\n\t\t\t\t<div class=\"elementor-post__excerpt\">\n\t\t\t<p>A Comiss\u00e3o Eleitoral, respons\u00e1vel pela condu\u00e7\u00e3o do processo de elei\u00e7\u00f5es sindicais da Apub para a gest\u00e3o 2022-2024, publica hoje (24), o Regimento Eleitoral. O documento<\/p>\n\t\t<\/div>\n\t\t\n\t\t<a class=\"elementor-post__read-more\" href=\"https:\/\/www.apub.org.br\/siteantigo\/eleicoes-apub-comissao-publica-regimento-eleitoral-4\/\" aria-label=\"Read more about Elei\u00e7\u00f5es APUB: Comiss\u00e3o publica Regimento Eleitoral\" tabindex=\"-1\" >\n\t\t\tLeia mais \u00bb\t\t<\/a>\n\n\t\t\t\t<\/div>\n\t\t\t\t<div class=\"elementor-post__meta-data\">\n\t\t\t\t\t<span class=\"elementor-post-date\">\n\t\t\t24\/10\/2022\t\t<\/span>\n\t\t\t\t<\/div>\n\t\t\t\t\t<\/div>\n\t\t<\/article>\n\t\t\t\t<article class=\"elementor-post elementor-grid-item post-40883 post type-post status-publish format-standard has-post-thumbnail hentry category-eleicoes-apub-2022-2024 category-latest-news\" role=\"listitem\">\n\t\t\t<div class=\"elementor-post__card\">\n\t\t\t\t<a class=\"elementor-post__thumbnail__link\" href=\"https:\/\/www.apub.org.br\/siteantigo\/assembleia-da-apub-aprova-calendario-e-indica-membro-para-comissao-eleitoral-de-eleicoes-da-diretoria-conselhos-fiscal-e-de-representantes\/\" tabindex=\"-1\" ><div class=\"elementor-post__thumbnail\"><img loading=\"lazy\" decoding=\"async\" width=\"300\" height=\"171\" src=\"https:\/\/www.apub.org.br\/siteantigo\/wp-content\/uploads\/2022\/10\/WhatsApp-Image-2022-10-19-at-15.18.40-e1666207968562-300x171.jpeg\" class=\"attachment-medium size-medium wp-image-40885\" alt=\"\" srcset=\"https:\/\/www.apub.org.br\/siteantigo\/wp-content\/uploads\/2022\/10\/WhatsApp-Image-2022-10-19-at-15.18.40-e1666207968562-300x171.jpeg 300w, https:\/\/www.apub.org.br\/siteantigo\/wp-content\/uploads\/2022\/10\/WhatsApp-Image-2022-10-19-at-15.18.40-e1666207968562-1024x582.jpeg 1024w, https:\/\/www.apub.org.br\/siteantigo\/wp-content\/uploads\/2022\/10\/WhatsApp-Image-2022-10-19-at-15.18.40-e1666207968562-768x437.jpeg 768w, https:\/\/www.apub.org.br\/siteantigo\/wp-content\/uploads\/2022\/10\/WhatsApp-Image-2022-10-19-at-15.18.40-e1666207968562.jpeg 1316w\" sizes=\"(max-width: 300px) 100vw, 300px\" \/><\/div><\/a>\n\t\t\t\t<div class=\"elementor-post__text\">\n\t\t\t\t<h3 class=\"elementor-post__title\">\n\t\t\t<a href=\"https:\/\/www.apub.org.br\/siteantigo\/assembleia-da-apub-aprova-calendario-e-indica-membro-para-comissao-eleitoral-de-eleicoes-da-diretoria-conselhos-fiscal-e-de-representantes\/\" >\n\t\t\t\tAssembleia da APUB aprova calend\u00e1rio e indica membro para comiss\u00e3o eleitoral de elei\u00e7\u00f5es da diretoria, conselhos fiscal e de representantes\t\t\t<\/a>\n\t\t<\/h3>\n\t\t\t\t<div class=\"elementor-post__excerpt\">\n\t\t\t<p>Em Assembleia Geral (AG) da APUB, realizada na tarde desta quarta-feira, 19 de outubro, na sede do sindicato, foi aprovado o calend\u00e1rio eleitoral das elei\u00e7\u00f5es<\/p>\n\t\t<\/div>\n\t\t\n\t\t<a class=\"elementor-post__read-more\" href=\"https:\/\/www.apub.org.br\/siteantigo\/assembleia-da-apub-aprova-calendario-e-indica-membro-para-comissao-eleitoral-de-eleicoes-da-diretoria-conselhos-fiscal-e-de-representantes\/\" aria-label=\"Read more about Assembleia da APUB aprova calend\u00e1rio e indica membro para comiss\u00e3o eleitoral de elei\u00e7\u00f5es da diretoria, conselhos fiscal e de representantes\" tabindex=\"-1\" >\n\t\t\tLeia mais \u00bb\t\t<\/a>\n\n\t\t\t\t<\/div>\n\t\t\t\t<div class=\"elementor-post__meta-data\">\n\t\t\t\t\t<span class=\"elementor-post-date\">\n\t\t\t19\/10\/2022\t\t<\/span>\n\t\t\t\t<\/div>\n\t\t\t\t\t<\/div>\n\t\t<\/article>\n\t\t\t\t<\/div>\n\t\t\n\t\t\t\t\t\t<\/div>\n\t\t\t\t<\/div>\n\t\t\t\t\t<\/div>\n\t\t<\/div>\n\t\t\t\t\t<\/div>\n\t\t<\/section>\n\t\t\t\t<\/div>\n\t\t","protected":false},"excerpt":{"rendered":"","protected":false},"author":3,"featured_media":0,"parent":0,"menu_order":0,"comment_status":"closed","ping_status":"closed","template":"","meta":{"footnotes":""},"class_list":["post-39791","page","type-page","status-publish","hentry"],"_links":{"self":[{"href":"https:\/\/www.apub.org.br\/siteantigo\/wp-json\/wp\/v2\/pages\/39791","targetHints":{"allow":["GET"]}}],"collection":[{"href":"https:\/\/www.apub.org.br\/siteantigo\/wp-json\/wp\/v2\/pages"}],"about":[{"href":"https:\/\/www.apub.org.br\/siteantigo\/wp-json\/wp\/v2\/types\/page"}],"author":[{"embeddable":true,"href":"https:\/\/www.apub.org.br\/siteantigo\/wp-json\/wp\/v2\/users\/3"}],"replies":[{"embeddable":true,"href":"https:\/\/www.apub.org.br\/siteantigo\/wp-json\/wp\/v2\/comments?post=39791"}],"version-history":[{"count":33,"href":"https:\/\/www.apub.org.br\/siteantigo\/wp-json\/wp\/v2\/pages\/39791\/revisions"}],"predecessor-version":[{"id":50806,"href":"https:\/\/www.apub.org.br\/siteantigo\/wp-json\/wp\/v2\/pages\/39791\/revisions\/50806"}],"wp:attachment":[{"href":"https:\/\/www.apub.org.br\/siteantigo\/wp-json\/wp\/v2\/media?parent=39791"}],"curies":[{"name":"wp","href":"https:\/\/api.w.org\/{rel}","templated":true}]}}