{"id":19290,"date":"2016-08-05T14:45:33","date_gmt":"2016-08-05T14:45:33","guid":{"rendered":"http:\/\/www.apub.org.br\/?page_id=19290"},"modified":"2018-10-03T18:36:44","modified_gmt":"2018-10-03T18:36:44","slug":"marcar-horario","status":"publish","type":"page","link":"https:\/\/www.apub.org.br\/siteantigo\/a-apub-2\/juridico\/marcar-horario\/","title":{"rendered":"AGENDAMENTO"},"content":{"rendered":"<p>Os filiados da Apub podem esclarecer d\u00favidas jur\u00eddicas com a nossa assessoria jur\u00eddica.\u00a0Os plant\u00f5es acontecem \u00e0s quartas-feiras e quintas-feiras das 15h \u00e0s 18h, na sede da Apub.<\/p>\n<p>Os interessados poder\u00e3o agendar atendimento, pelo telefone 71 3235-7433, das 8h \u00e0s 18h, de segunda a sexta-feira.<\/p>\n<p>Esclare\u00e7a suas d\u00favidas pelo e-mail <strong>assessoriajuridica@apub.org.br<\/strong><\/p>\n<p>&nbsp;<br \/>\n<!--?php wd_contact_form_maker(4); ?--><\/p>\n<p>&nbsp;<\/p>\n","protected":false},"excerpt":{"rendered":"<p>Os filiados da Apub podem esclarecer d\u00favidas jur\u00eddicas com a nossa assessoria jur\u00eddica.\u00a0Os plant\u00f5es acontecem \u00e0s quartas-feiras e quintas-feiras das 15h \u00e0s 18h, na sede da Apub. Os interessados poder\u00e3o agendar atendimento, pelo telefone 71 3235-7433, das 8h \u00e0s 18h, de segunda a sexta-feira. Esclare\u00e7a suas d\u00favidas pelo e-mail assessoriajuridica@apub.org.br &nbsp; &nbsp;<\/p>\n","protected":false},"author":3,"featured_media":0,"parent":18923,"menu_order":0,"comment_status":"closed","ping_status":"closed","template":"","meta":{"footnotes":""},"class_list":["post-19290","page","type-page","status-publish","hentry"],"_links":{"self":[{"href":"https:\/\/www.apub.org.br\/siteantigo\/wp-json\/wp\/v2\/pages\/19290","targetHints":{"allow":["GET"]}}],"collection":[{"href":"https:\/\/www.apub.org.br\/siteantigo\/wp-json\/wp\/v2\/pages"}],"about":[{"href":"https:\/\/www.apub.org.br\/siteantigo\/wp-json\/wp\/v2\/types\/page"}],"author":[{"embeddable":true,"href":"https:\/\/www.apub.org.br\/siteantigo\/wp-json\/wp\/v2\/users\/3"}],"replies":[{"embeddable":true,"href":"https:\/\/www.apub.org.br\/siteantigo\/wp-json\/wp\/v2\/comments?post=19290"}],"version-history":[{"count":0,"href":"https:\/\/www.apub.org.br\/siteantigo\/wp-json\/wp\/v2\/pages\/19290\/revisions"}],"up":[{"embeddable":true,"href":"https:\/\/www.apub.org.br\/siteantigo\/wp-json\/wp\/v2\/pages\/18923"}],"wp:attachment":[{"href":"https:\/\/www.apub.org.br\/siteantigo\/wp-json\/wp\/v2\/media?parent=19290"}],"curies":[{"name":"wp","href":"https:\/\/api.w.org\/{rel}","templated":true}]}}