{"id":19269,"date":"2016-08-05T13:33:18","date_gmt":"2016-08-05T13:33:18","guid":{"rendered":"http:\/\/www.apub.org.br\/?page_id=19269"},"modified":"2025-04-01T14:07:21","modified_gmt":"2025-04-01T17:07:21","slug":"quem-somos","status":"publish","type":"page","link":"https:\/\/www.apub.org.br\/siteantigo\/a-apub\/quem-somos\/","title":{"rendered":"QUEM SOMOS"},"content":{"rendered":"\t\t<div data-elementor-type=\"wp-post\" data-elementor-id=\"19269\" class=\"elementor elementor-19269\" data-elementor-post-type=\"page\">\n\t\t\t\t\t\t<section class=\"elementor-section elementor-top-section elementor-element elementor-element-0ad8aac elementor-section-boxed elementor-section-height-default elementor-section-height-default\" data-id=\"0ad8aac\" data-element_type=\"section\">\n\t\t\t\t\t\t<div class=\"elementor-container elementor-column-gap-default\">\n\t\t\t\t\t<div class=\"elementor-column elementor-col-100 elementor-top-column elementor-element elementor-element-51426e1\" data-id=\"51426e1\" data-element_type=\"column\">\n\t\t\t<div class=\"elementor-widget-wrap elementor-element-populated\">\n\t\t\t\t\t\t<div class=\"elementor-element elementor-element-79a66dd elementor-widget elementor-widget-image\" data-id=\"79a66dd\" data-element_type=\"widget\" data-widget_type=\"image.default\">\n\t\t\t\t<div class=\"elementor-widget-container\">\n\t\t\t\t\t\t\t\t\t\t\t\t\t\t\t<img decoding=\"async\" width=\"300\" height=\"99\" src=\"https:\/\/www.apub.org.br\/siteantigo\/wp-content\/uploads\/2019\/04\/logo-azul-fundo-transparente-300x99.png\" class=\"attachment-medium size-medium wp-image-26981\" alt=\"\" srcset=\"https:\/\/www.apub.org.br\/siteantigo\/wp-content\/uploads\/2019\/04\/logo-azul-fundo-transparente-300x99.png 300w, https:\/\/www.apub.org.br\/siteantigo\/wp-content\/uploads\/2019\/04\/logo-azul-fundo-transparente-768x255.png 768w, https:\/\/www.apub.org.br\/siteantigo\/wp-content\/uploads\/2019\/04\/logo-azul-fundo-transparente.png 995w\" sizes=\"(max-width: 300px) 100vw, 300px\" \/>\t\t\t\t\t\t\t\t\t\t\t\t\t\t\t<\/div>\n\t\t\t\t<\/div>\n\t\t\t\t<div class=\"elementor-element elementor-element-d987ff2 elementor-widget-divider--view-line elementor-widget elementor-widget-divider\" data-id=\"d987ff2\" data-element_type=\"widget\" data-widget_type=\"divider.default\">\n\t\t\t\t<div class=\"elementor-widget-container\">\n\t\t\t\t\t\t\t<div class=\"elementor-divider\">\n\t\t\t<span class=\"elementor-divider-separator\">\n\t\t\t\t\t\t<\/span>\n\t\t<\/div>\n\t\t\t\t\t\t<\/div>\n\t\t\t\t<\/div>\n\t\t\t\t<div class=\"elementor-element elementor-element-e9904ee elementor-widget elementor-widget-text-editor\" data-id=\"e9904ee\" data-element_type=\"widget\" data-widget_type=\"text-editor.default\">\n\t\t\t\t<div class=\"elementor-widget-container\">\n\t\t\t\t\t\t\t\t\t<h4 style=\"font-family: -apple-system, BlinkMacSystemFont, &quot;Segoe UI&quot;, Roboto, &quot;Helvetica Neue&quot;, Arial, &quot;Noto Sans&quot;, sans-serif, &quot;Apple Color Emoji&quot;, &quot;Segoe UI Emoji&quot;, &quot;Segoe UI Symbol&quot;, &quot;Noto Color Emoji&quot;; color: rgb(0, 0, 0); text-align: center;\">Apub,&nbsp;cinco d\u00e9cadas de hist\u00f3ria e luta em<br>defesa do&nbsp;professor e da universidade p\u00fablica<\/h4>\t\t\t\t\t\t\t\t<\/div>\n\t\t\t\t<\/div>\n\t\t\t\t<div class=\"elementor-element elementor-element-eff4626 elementor-widget elementor-widget-text-editor\" data-id=\"eff4626\" data-element_type=\"widget\" data-widget_type=\"text-editor.default\">\n\t\t\t\t<div class=\"elementor-widget-container\">\n\t\t\t\t\t\t\t\t\t<h4><span style=\"font-size: 14px;\">Em 6 de agosto de 1968, foi fundada a Apub (na \u00e9poca,\u00a0Associa\u00e7\u00e3o dos Professores Universit\u00e1rios da Bahia), como rea\u00e7\u00e3o \u00e0 invas\u00e3o da\u00a0Pol\u00edcia Militar na Faculdade de Economia da UFBA, durante a ditadura militar.<\/span><\/h4><p class=\"MsoNormal\">Os professores queriam uma entidade que lutasse em defesa dos interesses da\u00a0categoria \u2013 como sal\u00e1rios mais justos e melhores condi\u00e7\u00f5es de trabalho \u2013, pela\u00a0democratiza\u00e7\u00e3o do pa\u00eds e pelo fortalecimento do ensino das universidades\u00a0p\u00fablicas federais.<\/p><p class=\"MsoNormal\">A Apub n\u00e3o deixou de ser fiel \u00e0 proposta inicial: defender e\u00a0representar os docentes ativos e aposentados das IFES (Institui\u00e7\u00f5es Federais do\u00a0Ensino Superior) da Bahia. Al\u00e9m disso, luta pela defesa da universidade\u00a0p\u00fablica, gratuita e de qualidade socialmente referendada, pelo n\u00e3o sucateamento\u00a0das universidades p\u00fablicas e pela supera\u00e7\u00e3o da divis\u00e3o entre autarquias e\u00a0funda\u00e7\u00f5es.<\/p>\t\t\t\t\t\t\t\t<\/div>\n\t\t\t\t<\/div>\n\t\t\t\t<div class=\"elementor-element elementor-element-553d624 elementor-widget elementor-widget-heading\" data-id=\"553d624\" data-element_type=\"widget\" data-widget_type=\"heading.default\">\n\t\t\t\t<div class=\"elementor-widget-container\">\n\t\t\t\t\t<h4 class=\"elementor-heading-title elementor-size-default\">Conquistas<\/h4>\t\t\t\t<\/div>\n\t\t\t\t<\/div>\n\t\t\t\t<div class=\"elementor-element elementor-element-b6e6784 elementor-widget-divider--view-line elementor-widget elementor-widget-divider\" data-id=\"b6e6784\" data-element_type=\"widget\" data-widget_type=\"divider.default\">\n\t\t\t\t<div class=\"elementor-widget-container\">\n\t\t\t\t\t\t\t<div class=\"elementor-divider\">\n\t\t\t<span class=\"elementor-divider-separator\">\n\t\t\t\t\t\t<\/span>\n\t\t<\/div>\n\t\t\t\t\t\t<\/div>\n\t\t\t\t<\/div>\n\t\t\t\t<div class=\"elementor-element elementor-element-2768dd0 elementor-widget elementor-widget-text-editor\" data-id=\"2768dd0\" data-element_type=\"widget\" data-widget_type=\"text-editor.default\">\n\t\t\t\t<div class=\"elementor-widget-container\">\n\t\t\t\t\t\t\t\t\t<p>Desde a cria\u00e7\u00e3o da entidade, os professores da Apub tiveram muitas conquistas. Entre estas, destacam-se a garantia de uma carreira docente e de um plano de recupera\u00e7\u00e3o salarial. Al\u00e9m disso, a Apub tem se destacado:<\/p>\n<p><ol><li><span style=\"font-weight: var( --e-global-typography-text-font-weight );\">Na defesa intransigente da democracia e da liberdade sindical e pol\u00edtica<\/span><\/li><li><span style=\"background-color: transparent; font-weight: var( --e-global-typography-text-font-weight );\">Na vigil\u00e2ncia constante da autonomia sindical e universit\u00e1ria<\/span><\/li><li><span style=\"background-color: transparent; font-weight: var( --e-global-typography-text-font-weight );\">Na colabora\u00e7\u00e3o para estabelecer a negocia\u00e7\u00e3o coletiva para o servi\u00e7o p\u00fablico<\/span><\/li><\/ol><\/p><ol>\n<\/ol>\t\t\t\t\t\t\t\t<\/div>\n\t\t\t\t<\/div>\n\t\t\t\t\t<\/div>\n\t\t<\/div>\n\t\t\t\t\t<\/div>\n\t\t<\/section>\n\t\t\t\t<section class=\"elementor-section elementor-top-section elementor-element elementor-element-6646ba1 elementor-section-boxed elementor-section-height-default elementor-section-height-default\" data-id=\"6646ba1\" data-element_type=\"section\">\n\t\t\t\t\t\t<div class=\"elementor-container elementor-column-gap-default\">\n\t\t\t\t\t<div class=\"elementor-column elementor-col-100 elementor-top-column elementor-element elementor-element-ac225dc\" data-id=\"ac225dc\" data-element_type=\"column\">\n\t\t\t<div class=\"elementor-widget-wrap elementor-element-populated\">\n\t\t\t\t\t\t<div class=\"elementor-element elementor-element-35e5b78 elementor-widget elementor-widget-heading\" data-id=\"35e5b78\" data-element_type=\"widget\" data-widget_type=\"heading.default\">\n\t\t\t\t<div class=\"elementor-widget-container\">\n\t\t\t\t\t<h4 class=\"elementor-heading-title elementor-size-default\">De Associa\u00e7\u00e3o a Sindicato<\/h4>\t\t\t\t<\/div>\n\t\t\t\t<\/div>\n\t\t\t\t<div class=\"elementor-element elementor-element-fbe63ab elementor-widget-divider--view-line elementor-widget elementor-widget-divider\" data-id=\"fbe63ab\" data-element_type=\"widget\" data-widget_type=\"divider.default\">\n\t\t\t\t<div class=\"elementor-widget-container\">\n\t\t\t\t\t\t\t<div class=\"elementor-divider\">\n\t\t\t<span class=\"elementor-divider-separator\">\n\t\t\t\t\t\t<\/span>\n\t\t<\/div>\n\t\t\t\t\t\t<\/div>\n\t\t\t\t<\/div>\n\t\t\t\t<div class=\"elementor-element elementor-element-4079cae elementor-widget elementor-widget-text-editor\" data-id=\"4079cae\" data-element_type=\"widget\" data-widget_type=\"text-editor.default\">\n\t\t\t\t<div class=\"elementor-widget-container\">\n\t\t\t\t\t\t\t\t\t<p>Em 2008 veio \u00e0 tona a insatisfa\u00e7\u00e3o com a estrutura da Andes,\u00a0sindicato de representa\u00e7\u00e3o dos professores das universidades p\u00fablicas (federais, estaduais, municipais) e privadas, que, tendo representatividade distorcida,\u00a0deixa de lutar pelos interesses dos docentes. Com isso, cresceu o desejo de\u00a0transformar a Apub em sindicato local, que lide com as quest\u00f5es espec\u00edficas dos\u00a0professores, permitindo uma maior participa\u00e7\u00e3o pol\u00edtica da categoria.<\/p><p>Em 2009, os novos rumos foram indicados pela participa\u00e7\u00e3o\u00a0dos professores no plebiscito, ocorrido nos dias 16 e 17 de junho, quando\u00a0decidiram pela desfilia\u00e7\u00e3o da Andes e pela transforma\u00e7\u00e3o da Apub no\u00a0Sindicato\u00a0dos Professores das Institui\u00e7\u00f5es Federais de Ensino do Estado da Bahia,\u00a0que\u00a0posteriormente se filiou ao PROIFES-Federa\u00e7\u00e3o.<\/p><p>Hoje, a Apub \u00e9 composta por quase 3 mil professores,\u00a0pertencentes \u00e0 UFBA, \u00e0 UFRB (Universidade Federal do Rec\u00f4ncavo Baiano), UFSB (Universidade\u00a0\u00a0Federal do Sul da Bahia), UFOB (Universidade Federal do Oeste da Bahia), ao\u00a0IFBA (Instituto Federal da Bahia) e ao campus dos Mal\u00eas da Unilab (Universidade\u00a0da Integra\u00e7\u00e3o Internacional da Lusofonia Afro-Brasileira), que participam das\u00a0assembleias e atuam em diretorias, comiss\u00f5es, conselhos fiscais e de\u00a0representantes. Desta forma, os professores v\u00eam construindo a entidade ao longo\u00a0das \u00faltimas d\u00e9cadas.<\/p><p>O futuro Sindicato dos Professores das Institui\u00e7\u00f5es Federais\u00a0de Ensino do Estado da Bahia tem como finalidade, dentre outras, representar e\u00a0defender, perante as autoridades administrativas, previdenci\u00e1rias e judiciais,\u00a0os direitos e os interesses dos filiados, podendo agir, inclusive como\u00a0substituto processual ou propor a\u00e7\u00f5es coletivas em defesa de direitos ou\u00a0interesses difusos, coletivos ou individuais homog\u00eaneos (Art. 2\u00ba, inciso I do\u00a0Estatuto, 2006).<\/p>\t\t\t\t\t\t\t\t<\/div>\n\t\t\t\t<\/div>\n\t\t\t\t\t<\/div>\n\t\t<\/div>\n\t\t\t\t\t<\/div>\n\t\t<\/section>\n\t\t\t\t<section class=\"elementor-section elementor-top-section elementor-element elementor-element-0c5c897 elementor-section-boxed elementor-section-height-default elementor-section-height-default\" data-id=\"0c5c897\" data-element_type=\"section\">\n\t\t\t\t\t\t<div class=\"elementor-container elementor-column-gap-default\">\n\t\t\t\t\t<div class=\"elementor-column elementor-col-100 elementor-top-column elementor-element elementor-element-747b807\" data-id=\"747b807\" data-element_type=\"column\">\n\t\t\t<div class=\"elementor-widget-wrap elementor-element-populated\">\n\t\t\t\t\t\t<div class=\"elementor-element elementor-element-c45c5fb elementor-widget elementor-widget-heading\" data-id=\"c45c5fb\" data-element_type=\"widget\" data-widget_type=\"heading.default\">\n\t\t\t\t<div class=\"elementor-widget-container\">\n\t\t\t\t\t<h2 class=\"elementor-heading-title elementor-size-default\">O que \u00e9 um sindicato<\/h2>\t\t\t\t<\/div>\n\t\t\t\t<\/div>\n\t\t\t\t<div class=\"elementor-element elementor-element-1057f72 elementor-widget-divider--view-line elementor-widget elementor-widget-divider\" data-id=\"1057f72\" data-element_type=\"widget\" data-widget_type=\"divider.default\">\n\t\t\t\t<div class=\"elementor-widget-container\">\n\t\t\t\t\t\t\t<div class=\"elementor-divider\">\n\t\t\t<span class=\"elementor-divider-separator\">\n\t\t\t\t\t\t<\/span>\n\t\t<\/div>\n\t\t\t\t\t\t<\/div>\n\t\t\t\t<\/div>\n\t\t\t\t<div class=\"elementor-element elementor-element-4c7bd6b elementor-widget elementor-widget-text-editor\" data-id=\"4c7bd6b\" data-element_type=\"widget\" data-widget_type=\"text-editor.default\">\n\t\t\t\t<div class=\"elementor-widget-container\">\n\t\t\t\t\t\t\t\t\t<p>A organiza\u00e7\u00e3o sindical existe para representar uma categoria&nbsp;profissional e econ\u00f4mica, bem como ampliar garantias e conquistas para os&nbsp;trabalhadores que ela representa. Constitui-se de pessoa jur\u00eddica de direito&nbsp;privado, com natureza e fins n\u00e3o lucrativos, de dura\u00e7\u00e3o indeterminada.<\/p>\n<p>Um sindicato tem tr\u00eas pilares:<\/p>\n<p><ol><li>Representatividade \u2013 n\u00famero de participantes da categoria&nbsp;territorializada<\/li><li>Legitimidade \u2013 buscada na proced\u00eancia da entidade, sua&nbsp;hist\u00f3ria, acertos e erros<\/li><li>Legalidade \u2013 cumprimento de todos os preceitos e tr\u00e2mites da&nbsp;lei em vigor<\/li><\/ol><\/p>\n<p>No artigo 8\u00ba da Constitui\u00e7\u00e3o Federal consta que:<\/p>\n<p>\u00c9 livre a associa\u00e7\u00e3o profissional ou sindical, observado o&nbsp;seguinte:<\/p>\n<p>I. A lei n\u00e3o poder\u00e1 exigir autoriza\u00e7\u00e3o do Estado para a&nbsp;funda\u00e7\u00e3o do Sindicato, ressalvado o registro no \u00f3rg\u00e3o competente (&#8230;)<\/p>\n<p>II. \u00c9 vedada a cria\u00e7\u00e3o de mais de uma organiza\u00e7\u00e3o sindical&nbsp;(&#8230;) na mesma base territorial, que ser\u00e1 definida pelos trabalhadores&nbsp;interessados, n\u00e3o podendo ser inferior a um munic\u00edpio<\/p>\n<p>III. Ao sindicato cabe a defesa dos direitos e interesses&nbsp;coletivos ou individuais da categoria, inclusive em quest\u00f5es judiciais ou&nbsp;administrativas<\/p>\n<p>\u00c9 obrigat\u00f3ria a participa\u00e7\u00e3o dos sindicatos nas negocia\u00e7\u00f5es&nbsp;coletivas de trabalho<\/p>\n<p>A Constitui\u00e7\u00e3o Federal deixou um vazio para os servidores&nbsp;p\u00fablicos federais que a Conven\u00e7\u00e3o 151 da OIT (Organiza\u00e7\u00e3o Internacional do&nbsp;Trabalho) busca regularizar: a negocia\u00e7\u00e3o no setor p\u00fablico. A Conven\u00e7\u00e3o, que se&nbsp;encontra no Congresso Nacional aguardando vota\u00e7\u00e3o, estabelece sistema de&nbsp;negocia\u00e7\u00e3o coletiva no servi\u00e7o p\u00fablico e no atendimento \u00e0s necessidades dos&nbsp;trabalhadores. No entanto, o principal documento de um sindicato \u00e9 o Estatuto,&nbsp;que rege o cotidiano da responsabilidade sindical.<\/p>\n<p style=\"font-variant-ligatures: normal; font-variant-caps: normal; font-family: Abel, sans-serif; font-size: 18px; font-style: normal; font-weight: 400;\">\n<\/p>\t\t\t\t\t\t\t\t<\/div>\n\t\t\t\t<\/div>\n\t\t\t\t<div class=\"elementor-element elementor-element-97d3056 elementor-widget elementor-widget-heading\" data-id=\"97d3056\" data-element_type=\"widget\" data-widget_type=\"heading.default\">\n\t\t\t\t<div class=\"elementor-widget-container\">\n\t\t\t\t\t<h2 class=\"elementor-heading-title elementor-size-default\">Conselhos, Servi\u00e7os e Conv\u00eanios<\/h2>\t\t\t\t<\/div>\n\t\t\t\t<\/div>\n\t\t\t\t<div class=\"elementor-element elementor-element-81a32f9 elementor-widget-divider--view-line elementor-widget elementor-widget-divider\" data-id=\"81a32f9\" data-element_type=\"widget\" data-widget_type=\"divider.default\">\n\t\t\t\t<div class=\"elementor-widget-container\">\n\t\t\t\t\t\t\t<div class=\"elementor-divider\">\n\t\t\t<span class=\"elementor-divider-separator\">\n\t\t\t\t\t\t<\/span>\n\t\t<\/div>\n\t\t\t\t\t\t<\/div>\n\t\t\t\t<\/div>\n\t\t\t\t<div class=\"elementor-element elementor-element-3118f97 elementor-widget elementor-widget-heading\" data-id=\"3118f97\" data-element_type=\"widget\" data-widget_type=\"heading.default\">\n\t\t\t\t<div class=\"elementor-widget-container\">\n\t\t\t\t\t<h2 class=\"elementor-heading-title elementor-size-default\">Conselhos<\/h2>\t\t\t\t<\/div>\n\t\t\t\t<\/div>\n\t\t\t\t<div class=\"elementor-element elementor-element-c6def39 elementor-widget elementor-widget-text-editor\" data-id=\"c6def39\" data-element_type=\"widget\" data-widget_type=\"text-editor.default\">\n\t\t\t\t<div class=\"elementor-widget-container\">\n\t\t\t\t\t\t\t\t\t<p class=\"MsoNormal\" style=\"text-align: left;\">1. Fiscal, composto por representantes dos filiados, com\u00a0mandato de dois anos, cujo objetivo \u00e9 analisar balancetes e avaliar a aplica\u00e7\u00e3o\u00a0financeira da entidade a cada ano.<\/p><p class=\"MsoNormal\" style=\"text-align: left;\">2. De Representantes, regulamentado pelo Art. 21, do\u00a0Estatuto de 2006. O novo Estatuto prop\u00f5e substituir a representa\u00e7\u00e3o, hoje por\u00a0unidade de ensino, para representante de \u00e1rea de conhecimento e geogr\u00e1fica, a\u00a0exemplo das unidades de Barreiras e Vit\u00f3ria da Conquista.<\/p><p class=\"MsoNormal\" style=\"text-align: left;\">Al\u00e9m dos Conselhos, Grupos de Trabalho (GTs) ou comiss\u00f5es\u00a0s\u00e3o constitu\u00eddos sempre que se faz necess\u00e1rio debater mais profundamente um\u00a0assunto de interesse da categoria ou da Universidade, bem como, produzir algum\u00a0trabalho espec\u00edfico.<\/p>\t\t\t\t\t\t\t\t<\/div>\n\t\t\t\t<\/div>\n\t\t\t\t<div class=\"elementor-element elementor-element-ebb7964 elementor-widget-divider--view-line elementor-widget elementor-widget-divider\" data-id=\"ebb7964\" data-element_type=\"widget\" data-widget_type=\"divider.default\">\n\t\t\t\t<div class=\"elementor-widget-container\">\n\t\t\t\t\t\t\t<div class=\"elementor-divider\">\n\t\t\t<span class=\"elementor-divider-separator\">\n\t\t\t\t\t\t<\/span>\n\t\t<\/div>\n\t\t\t\t\t\t<\/div>\n\t\t\t\t<\/div>\n\t\t\t\t<div class=\"elementor-element elementor-element-4f28568 elementor-widget elementor-widget-heading\" data-id=\"4f28568\" data-element_type=\"widget\" data-widget_type=\"heading.default\">\n\t\t\t\t<div class=\"elementor-widget-container\">\n\t\t\t\t\t<h2 class=\"elementor-heading-title elementor-size-default\">Assessorias<\/h2>\t\t\t\t<\/div>\n\t\t\t\t<\/div>\n\t\t\t\t<div class=\"elementor-element elementor-element-0462dfc elementor-widget elementor-widget-text-editor\" data-id=\"0462dfc\" data-element_type=\"widget\" data-widget_type=\"text-editor.default\">\n\t\t\t\t<div class=\"elementor-widget-container\">\n\t\t\t\t\t\t\t\t\t<p><b>Comunica\u00e7\u00e3o<\/b><\/p>\n<p>A Apub possui uma equipe de comunica\u00e7\u00e3o empenhada em manter o di\u00e1logo com os professores. Para isto, disp\u00f5e de importantes ferramentas, como o informativo eletr\u00f4nico semanal, Jornal, site e redes sociais.<\/p>\n<p><b>Jur\u00eddica<\/b><\/p>\n<p>A assessoria jur\u00eddica auxilia na forma\u00e7\u00e3o de pol\u00edticas em busca de vantagens profissionais e representa a entidade perante autoridades<\/p>\n<p>judiciais e administrativas. Os atendimentos s\u00e3o \u00e0s quartas-feiras pela manh\u00e3 e \u00e0s quintas-feiras \u00e0 tarde.<\/p>\t\t\t\t\t\t\t\t<\/div>\n\t\t\t\t<\/div>\n\t\t\t\t<div class=\"elementor-element elementor-element-eea01a0 elementor-widget-divider--view-line elementor-widget elementor-widget-divider\" data-id=\"eea01a0\" data-element_type=\"widget\" data-widget_type=\"divider.default\">\n\t\t\t\t<div class=\"elementor-widget-container\">\n\t\t\t\t\t\t\t<div class=\"elementor-divider\">\n\t\t\t<span class=\"elementor-divider-separator\">\n\t\t\t\t\t\t<\/span>\n\t\t<\/div>\n\t\t\t\t\t\t<\/div>\n\t\t\t\t<\/div>\n\t\t\t\t<div class=\"elementor-element elementor-element-88eba45 elementor-widget elementor-widget-heading\" data-id=\"88eba45\" data-element_type=\"widget\" data-widget_type=\"heading.default\">\n\t\t\t\t<div class=\"elementor-widget-container\">\n\t\t\t\t\t<h2 class=\"elementor-heading-title elementor-size-default\">Conv\u00eanios<\/h2>\t\t\t\t<\/div>\n\t\t\t\t<\/div>\n\t\t\t\t<div class=\"elementor-element elementor-element-a017cbc elementor-widget elementor-widget-text-editor\" data-id=\"a017cbc\" data-element_type=\"widget\" data-widget_type=\"text-editor.default\">\n\t\t\t\t<div class=\"elementor-widget-container\">\n\t\t\t\t\t\t\t\t\t<p><span style=\"font-size: 14px;\">A Apub possui conv\u00eanios com empresas especializadas em Audi\u00e7\u00e3o, Fisioterapia, Odontologia, Psicoterapia e Seguros; consult\u00f3rios e cl\u00ednicas de medicina alternativa, \u00f3rg\u00e3os de Educa\u00e7\u00e3o e Cultura; \u00f3ticas e fotoacabamento; ag\u00eancias de turismo; academias de gin\u00e1stica; restaurantes e servi\u00e7os de est\u00e9tica, entre outros.<\/span><\/p>\t\t\t\t\t\t\t\t<\/div>\n\t\t\t\t<\/div>\n\t\t\t\t<div class=\"elementor-element elementor-element-3b7f110 elementor-widget-divider--view-line elementor-widget elementor-widget-divider\" data-id=\"3b7f110\" data-element_type=\"widget\" data-widget_type=\"divider.default\">\n\t\t\t\t<div class=\"elementor-widget-container\">\n\t\t\t\t\t\t\t<div class=\"elementor-divider\">\n\t\t\t<span class=\"elementor-divider-separator\">\n\t\t\t\t\t\t<\/span>\n\t\t<\/div>\n\t\t\t\t\t\t<\/div>\n\t\t\t\t<\/div>\n\t\t\t\t<div class=\"elementor-element elementor-element-ac868de elementor-widget elementor-widget-heading\" data-id=\"ac868de\" data-element_type=\"widget\" data-widget_type=\"heading.default\">\n\t\t\t\t<div class=\"elementor-widget-container\">\n\t\t\t\t\t<h2 class=\"elementor-heading-title elementor-size-default\">Nas elei\u00e7\u00f5es<\/h2>\t\t\t\t<\/div>\n\t\t\t\t<\/div>\n\t\t\t\t<div class=\"elementor-element elementor-element-b10e8ee elementor-widget elementor-widget-text-editor\" data-id=\"b10e8ee\" data-element_type=\"widget\" data-widget_type=\"text-editor.default\">\n\t\t\t\t<div class=\"elementor-widget-container\">\n\t\t\t\t\t\t\t\t\t<p>A Apub coordena processos eletivos para cargos diretivos e representativos da institui\u00e7\u00e3o de ensino (Reitor, Vice-reitor, representantes nos Conselhos superiores e diretores).&nbsp;<\/p>\t\t\t\t\t\t\t\t<\/div>\n\t\t\t\t<\/div>\n\t\t\t\t<div class=\"elementor-element elementor-element-2aff933 elementor-widget-divider--view-line elementor-widget elementor-widget-divider\" data-id=\"2aff933\" data-element_type=\"widget\" data-widget_type=\"divider.default\">\n\t\t\t\t<div class=\"elementor-widget-container\">\n\t\t\t\t\t\t\t<div class=\"elementor-divider\">\n\t\t\t<span class=\"elementor-divider-separator\">\n\t\t\t\t\t\t<\/span>\n\t\t<\/div>\n\t\t\t\t\t\t<\/div>\n\t\t\t\t<\/div>\n\t\t\t\t\t<\/div>\n\t\t<\/div>\n\t\t\t\t\t<\/div>\n\t\t<\/section>\n\t\t\t\t<section class=\"elementor-section elementor-top-section elementor-element elementor-element-5480aabb elementor-section-boxed elementor-section-height-default elementor-section-height-default\" data-id=\"5480aabb\" data-element_type=\"section\">\n\t\t\t\t\t\t<div class=\"elementor-container elementor-column-gap-default\">\n\t\t\t\t\t<div class=\"elementor-column elementor-col-100 elementor-top-column elementor-element elementor-element-19ad95ac\" data-id=\"19ad95ac\" data-element_type=\"column\">\n\t\t\t<div class=\"elementor-widget-wrap elementor-element-populated\">\n\t\t\t\t\t\t<div class=\"elementor-element elementor-element-4c28830 elementor-view-default elementor-position-top elementor-mobile-position-top elementor-widget elementor-widget-icon-box\" data-id=\"4c28830\" data-element_type=\"widget\" data-widget_type=\"icon-box.default\">\n\t\t\t\t<div class=\"elementor-widget-container\">\n\t\t\t\t\t\t\t<div class=\"elementor-icon-box-wrapper\">\n\n\t\t\t\t\t\t<div class=\"elementor-icon-box-icon\">\n\t\t\t\t<a href=\"http:\/\/www.apub.org.br\/wp-content\/uploads\/2013\/04\/ESTATUTO-DO-APUB-SINDICATO.pdf\" class=\"elementor-icon\" tabindex=\"-1\" aria-label=\"ESTATUTO DA APUB SINDICATO\u200b\">\n\t\t\t\t<i aria-hidden=\"true\" class=\"far fa-file-alt\"><\/i>\t\t\t\t<\/a>\n\t\t\t<\/div>\n\t\t\t\n\t\t\t\t\t\t<div class=\"elementor-icon-box-content\">\n\n\t\t\t\t\t\t\t\t\t<h3 class=\"elementor-icon-box-title\">\n\t\t\t\t\t\t<a href=\"http:\/\/www.apub.org.br\/wp-content\/uploads\/2013\/04\/ESTATUTO-DO-APUB-SINDICATO.pdf\" >\n\t\t\t\t\t\t\tESTATUTO DA APUB SINDICATO\u200b\t\t\t\t\t\t<\/a>\n\t\t\t\t\t<\/h3>\n\t\t\t\t\n\t\t\t\t\n\t\t\t<\/div>\n\t\t\t\n\t\t<\/div>\n\t\t\t\t\t\t<\/div>\n\t\t\t\t<\/div>\n\t\t\t\t\t<\/div>\n\t\t<\/div>\n\t\t\t\t\t<\/div>\n\t\t<\/section>\n\t\t\t\t<\/div>\n\t\t","protected":false},"excerpt":{"rendered":"<p>Apub,&nbsp;cinco d\u00e9cadas de hist\u00f3ria e luta emdefesa do&nbsp;professor e da universidade p\u00fablica Em 6 de agosto de 1968, foi fundada a Apub (na \u00e9poca,\u00a0Associa\u00e7\u00e3o dos Professores Universit\u00e1rios da Bahia), como rea\u00e7\u00e3o \u00e0 invas\u00e3o da\u00a0Pol\u00edcia Militar na Faculdade de Economia da UFBA, durante a ditadura militar. Os professores queriam uma entidade que lutasse em defesa dos [&hellip;]<\/p>\n","protected":false},"author":3,"featured_media":0,"parent":6,"menu_order":0,"comment_status":"closed","ping_status":"closed","template":"","meta":{"footnotes":""},"class_list":["post-19269","page","type-page","status-publish","hentry"],"_links":{"self":[{"href":"https:\/\/www.apub.org.br\/siteantigo\/wp-json\/wp\/v2\/pages\/19269","targetHints":{"allow":["GET"]}}],"collection":[{"href":"https:\/\/www.apub.org.br\/siteantigo\/wp-json\/wp\/v2\/pages"}],"about":[{"href":"https:\/\/www.apub.org.br\/siteantigo\/wp-json\/wp\/v2\/types\/page"}],"author":[{"embeddable":true,"href":"https:\/\/www.apub.org.br\/siteantigo\/wp-json\/wp\/v2\/users\/3"}],"replies":[{"embeddable":true,"href":"https:\/\/www.apub.org.br\/siteantigo\/wp-json\/wp\/v2\/comments?post=19269"}],"version-history":[{"count":36,"href":"https:\/\/www.apub.org.br\/siteantigo\/wp-json\/wp\/v2\/pages\/19269\/revisions"}],"predecessor-version":[{"id":51219,"href":"https:\/\/www.apub.org.br\/siteantigo\/wp-json\/wp\/v2\/pages\/19269\/revisions\/51219"}],"up":[{"embeddable":true,"href":"https:\/\/www.apub.org.br\/siteantigo\/wp-json\/wp\/v2\/pages\/6"}],"wp:attachment":[{"href":"https:\/\/www.apub.org.br\/siteantigo\/wp-json\/wp\/v2\/media?parent=19269"}],"curies":[{"name":"wp","href":"https:\/\/api.w.org\/{rel}","templated":true}]}}