{"id":18927,"date":"2011-04-16T10:22:34","date_gmt":"2011-04-16T10:22:34","guid":{"rendered":"http:\/\/apub.org.br\/?page_id=31"},"modified":"2025-04-25T11:46:32","modified_gmt":"2025-04-25T14:46:32","slug":"comunicacao-2","status":"publish","type":"page","link":"https:\/\/www.apub.org.br\/siteantigo\/comunicacao-2\/","title":{"rendered":"COMUNICA\u00c7\u00c3O"},"content":{"rendered":"\t\t<div data-elementor-type=\"wp-page\" data-elementor-id=\"18927\" class=\"elementor elementor-18927\" data-elementor-post-type=\"page\">\n\t\t\t\t\t\t<section class=\"elementor-section elementor-top-section elementor-element elementor-element-24d337f3 elementor-section-boxed elementor-section-height-default elementor-section-height-default\" data-id=\"24d337f3\" data-element_type=\"section\">\n\t\t\t\t\t\t<div class=\"elementor-container elementor-column-gap-default\">\n\t\t\t\t\t<div class=\"elementor-column elementor-col-100 elementor-top-column elementor-element elementor-element-27528ce4\" data-id=\"27528ce4\" data-element_type=\"column\">\n\t\t\t<div class=\"elementor-widget-wrap elementor-element-populated\">\n\t\t\t\t\t\t<div class=\"elementor-element elementor-element-7dcc0ee elementor-widget elementor-widget-text-editor\" data-id=\"7dcc0ee\" data-element_type=\"widget\" data-widget_type=\"text-editor.default\">\n\t\t\t\t<div class=\"elementor-widget-container\">\n\t\t\t\t\t\t\t\t\t<p style=\"text-align: justify;\">O setor de Comunica\u00e7\u00e3o e Cultura da Apub Sindicato funciona de segunda a sexta-feira, das 8h \u00e0s 18h, e conta com tr\u00eas profissionais, sendo duas assessoras de comunica\u00e7\u00e3o e um assessor de arte. A equipe desenvolve os boletins semanais impresso e eletr\u00f4nico, \u00a0o Jornal da Apub, atualiza o site e as redes sociais da entidade, entre outras atividades inerentes \u00e0s fun\u00e7\u00f5es. Para falar conosco escreva para:\u00a0<strong>ascom@apub.org.br <\/strong>ou ligue\u00a0<strong>(71) 3235-7433<\/strong>.<strong>\u00a0<\/strong><\/p>\t\t\t\t\t\t\t\t<\/div>\n\t\t\t\t<\/div>\n\t\t\t\t\t<\/div>\n\t\t<\/div>\n\t\t\t\t\t<\/div>\n\t\t<\/section>\n\t\t\t\t<\/div>\n\t\t","protected":false},"excerpt":{"rendered":"<p>O setor de Comunica\u00e7\u00e3o e Cultura da Apub Sindicato funciona de segunda a sexta-feira, das 8h \u00e0s 18h, e conta com tr\u00eas profissionais, sendo duas assessoras de comunica\u00e7\u00e3o e um assessor de arte. A equipe desenvolve os boletins semanais impresso e eletr\u00f4nico, \u00a0o Jornal da Apub, atualiza o site e as redes sociais da entidade, [&hellip;]<\/p>\n","protected":false},"author":1,"featured_media":0,"parent":0,"menu_order":4,"comment_status":"closed","ping_status":"closed","template":"","meta":{"footnotes":""},"class_list":["post-18927","page","type-page","status-publish","hentry"],"_links":{"self":[{"href":"https:\/\/www.apub.org.br\/siteantigo\/wp-json\/wp\/v2\/pages\/18927","targetHints":{"allow":["GET"]}}],"collection":[{"href":"https:\/\/www.apub.org.br\/siteantigo\/wp-json\/wp\/v2\/pages"}],"about":[{"href":"https:\/\/www.apub.org.br\/siteantigo\/wp-json\/wp\/v2\/types\/page"}],"author":[{"embeddable":true,"href":"https:\/\/www.apub.org.br\/siteantigo\/wp-json\/wp\/v2\/users\/1"}],"replies":[{"embeddable":true,"href":"https:\/\/www.apub.org.br\/siteantigo\/wp-json\/wp\/v2\/comments?post=18927"}],"version-history":[{"count":16,"href":"https:\/\/www.apub.org.br\/siteantigo\/wp-json\/wp\/v2\/pages\/18927\/revisions"}],"predecessor-version":[{"id":51525,"href":"https:\/\/www.apub.org.br\/siteantigo\/wp-json\/wp\/v2\/pages\/18927\/revisions\/51525"}],"wp:attachment":[{"href":"https:\/\/www.apub.org.br\/siteantigo\/wp-json\/wp\/v2\/media?parent=18927"}],"curies":[{"name":"wp","href":"https:\/\/api.w.org\/{rel}","templated":true}]}}