{"id":18922,"date":"2011-04-16T10:08:54","date_gmt":"2011-04-16T10:08:54","guid":{"rendered":"http:\/\/apub.org.br\/?page_id=10"},"modified":"2025-02-06T14:30:08","modified_gmt":"2025-02-06T17:30:08","slug":"filie-se-2","status":"publish","type":"page","link":"https:\/\/www.apub.org.br\/siteantigo\/filie-se-2\/","title":{"rendered":"FILIE-SE"},"content":{"rendered":"\t\t<div data-elementor-type=\"wp-page\" data-elementor-id=\"18922\" class=\"elementor elementor-18922\" data-elementor-post-type=\"page\">\n\t\t\t\t\t\t<section class=\"elementor-section elementor-top-section elementor-element elementor-element-6ccf9226 elementor-section-boxed elementor-section-height-default elementor-section-height-default\" data-id=\"6ccf9226\" data-element_type=\"section\">\n\t\t\t\t\t\t<div class=\"elementor-container elementor-column-gap-default\">\n\t\t\t\t\t<div class=\"elementor-column elementor-col-100 elementor-top-column elementor-element elementor-element-43d90ce3\" data-id=\"43d90ce3\" data-element_type=\"column\">\n\t\t\t<div class=\"elementor-widget-wrap elementor-element-populated\">\n\t\t\t\t\t\t<div class=\"elementor-element elementor-element-62be87ad elementor-widget elementor-widget-text-editor\" data-id=\"62be87ad\" data-element_type=\"widget\" data-widget_type=\"text-editor.default\">\n\t\t\t\t<div class=\"elementor-widget-container\">\n\t\t\t\t\t\t\t\t\t<h2 style=\"text-align: center;\"><strong>Filie-se. Fortale\u00e7a a categoria docente.<\/strong><\/h2>\n<p style=\"text-align: center;\"><b><a href=\"https:\/\/apub.org.br\/wp-content\/uploads\/2023\/10\/FICHA-DE-FILIACAO-2023.pdf\"><span style=\"color: #993300;\">BAIXE AQUI A FICHA DE FILIA\u00c7\u00c3O, EM PDF EDIT\u00c1VEL<\/span><\/a>.<\/b><\/p>\n<p style=\"text-align: center;\"><b>Preencha os campos edit\u00e1veis, salve o arquivo preenchido e assine digitalmente o pdf com sua assinatura no SouGOV.br.<br><\/b>Obs. Anexar c\u00f3pia atualizada do contracheque e enviar junto com o pdf desta ficha assinada digitalmente para o e-mail: filiacao@apub.org.br<b>&nbsp;<\/b><\/p>\n<hr>\n<p style=\"text-align: justify;\">H\u00e1 50 anos atuando com \u00eaxito e persist\u00eancia na defesa da categoria docente das Institui\u00e7\u00f5es Federais de Ensino Superior da Bahia (UFBA, IFBA, UFRB, UFOB, UFSB e UNILAB &#8211; Campus dos Mal\u00eas), a Apub busca novas conquistas e garantias dos direitos dos professores e das professoras e fiscaliza os interesses dos filiados e filiadas, junto \u00e0s autoridades respons\u00e1veis, em quest\u00f5es administrativas e judiciais.<\/p>\n<hr>\n<h3>Fun\u00e7\u00e3o do Sindicato<\/h3>\n<div>Liberdade sindical e pol\u00edtica com autonomia para decis\u00f5es a serem convertidas em benef\u00edcios para a categoria<\/div>\n<div>\n<ul>\n<li>Pol\u00edtica salarial com remunera\u00e7\u00f5es legalmente ancoradas, que favore\u00e7am aos docentes uma vida digna e produtiva<\/li>\n<li>Conquistar uma carreira docente compat\u00edvel ao aperfei\u00e7oamento cont\u00ednuo da categoria para o progresso da universidade p\u00fablica no pa\u00eds<\/li>\n<li>Fiscalizar as condi\u00e7\u00f5es no trabalho docente<\/li>\n<\/ul>\n<\/div>\n<hr>\n<h3>Fortalecer a entidade<\/h3>\n<div>Todos(as) devem aderir a um sindicato, que represente a sua categoria. Quanto maior o n\u00famero de &nbsp;filiados(as) de uma entidade, maior ser\u00e1 a sua representatividade e o poder de negociar junto aos \u00f3rg\u00e3os do governo federal. Uma base sindical forte \u00e9 um diferencial importante para estabelecer acordos e parecerias com outros sindicatos.<\/div>\n<div>\n<hr>\n<\/div>\n<h3>Porque se filiar<\/h3>\n<div>\n<ul>\n<li>Voc\u00ea precisa de um porta-voz para defender sua carreira, seu sal\u00e1rio e seus direitos, bem como expressar sua opini\u00e3o nas negocia\u00e7\u00f5es com o governo federal.<\/li>\n<li>Quem pode:<\/li>\n<li>Professores e professoras, ativos(as) e aposentados(as), substitutos(as) ou afastados(as) temporariamente.<\/li>\n<\/ul>\n<\/div>\n<hr>\n<h3>Como proceder<\/h3>\n<div>A filia\u00e7\u00e3o \u00e9 feita mediante a comprova\u00e7\u00e3o do v\u00ednculo efetivo ou tempor\u00e1rio com a Institui\u00e7\u00e3o Federal de Ensino Superior da Bahia, na qual leciona, a partir da entrega, na sede da Apub ou atrav\u00e9s de e-mail, de &nbsp;uma c\u00f3pia do contracheque e da ficha cadastral assinada.&nbsp;\u00c9 necess\u00e1ria a c\u00f3pia do contracheque. A contribui\u00e7\u00e3o mensal \u00e9 efetivada por meio da folha de pagamento e o desconto corresponde a 1% sobre a sua remunera\u00e7\u00e3o bruta. Em caso de d\u00favidas, pode telefonar no&nbsp;<strong>(71) 3235-7433 <\/strong>ou enviar e-mail para<strong> apub@apub.org.br<\/strong><\/div>\n<div>\n<hr>\n<\/div>\n<h3>Vantagens<\/h3>\n<div>\n<ul>\n<li>Assist\u00eancia jur\u00eddica semanal gratuita em a\u00e7\u00f5es individuais e coletivas<\/li>\n<li>Pertencimento a uma categoria profissional forte, reconhecida e bem representada<\/li>\n<li>Ter o Sindicato como intermediador entre governo e docentes nas negocia\u00e7\u00f5es das campanhas salariais<\/li>\n<li>Poder usufruir uma sede com boa infra-estrutura, com capacidade de receber eventos nas mais diversas \u00e1reas<\/li>\n<li>Conv\u00eanios com empresas especializadas nas diversas \u00e1reas, como educa\u00e7\u00e3o, sa\u00fade e lazer<\/li>\n<li>Clareza e transpar\u00eancias nas informa\u00e7\u00f5es sobre as a\u00e7\u00f5es desenvolvidas pela entidade, atrav\u00e9s do boletim eletr\u00f4nico, do site, dos comunicados e do Jornal da Apub<\/li>\n<\/ul>\n<\/div>\n<hr>\n<h3 style=\"text-align: left;\">Direitos e Deveres<\/h3>\n<p style=\"text-align: justify;\">A sindicaliza\u00e7\u00e3o corresponde ao direito que as categorias profissionais e\/ou econ\u00f4mica t\u00eam de se agruparem, se organizarem em sindicatos. \u00c9 o requisito legal que vai qualificar o trabalhador como sendo desta ou daquela profiss\u00e3o e decorre de pressupostos constitucionais e legais relativos \u00e0 organiza\u00e7\u00e3o sindical. Associar-se a um sindicato corresponde ao exerc\u00edcio volunt\u00e1rio desse direito. O exerc\u00edcio do trabalho, of\u00edcio ou profiss\u00e3o \u00e9 livre, de acordo com o que a lei estabelece (art. 5\u00ba, inciso XIII, CF).<\/p>\n<p><strong>S\u00e3o direitos<\/strong><\/p>\n<ol>\n<li>Participar de todas as decis\u00f5es tomadas em Assembleias Gerais<\/li>\n<li>Receber as informa\u00e7\u00f5es pr\u00f3prias do Sindicato e ter o atendimento dos servi\u00e7os jur\u00eddicos e sociais<\/li>\n<li>Acompanhar e controlar os resultados dos trabalhos desenvolvidos pela entidade<\/li>\n<li>Votar e ser votado para todos os cargos eletivos do Sindicato<\/li>\n<li>Propor novos itens para o desenvolvimento do Sindicato<\/li>\n<\/ol>\n<p><strong>S\u00e3o deveres<\/strong><\/p>\n<ol>\n<li>Respeito aos valores e finalidades estabelecidos no Estatuto.<\/li>\n<li>Respeito \u00e0 democracia e aos princ\u00edpios defendidos pela entidade<\/li>\n<li>Contribuir para o fortalecimento social e pol\u00edtico da organiza\u00e7\u00e3o<\/li>\n<li>Colaborar com sugest\u00f5es e atender aos chamados da Apub.6<\/li>\n<\/ol>\t\t\t\t\t\t\t\t<\/div>\n\t\t\t\t<\/div>\n\t\t\t\t\t<\/div>\n\t\t<\/div>\n\t\t\t\t\t<\/div>\n\t\t<\/section>\n\t\t\t\t<\/div>\n\t\t","protected":false},"excerpt":{"rendered":"<p>Filie-se. Fortale\u00e7a a categoria docente. BAIXE AQUI A FICHA DE FILIA\u00c7\u00c3O, EM PDF EDIT\u00c1VEL. Preencha os campos edit\u00e1veis, salve o arquivo preenchido e assine digitalmente o pdf com sua assinatura no SouGOV.br.Obs. Anexar c\u00f3pia atualizada do contracheque e enviar junto com o pdf desta ficha assinada digitalmente para o e-mail: filiacao@apub.org.br&nbsp; H\u00e1 50 anos atuando [&hellip;]<\/p>\n","protected":false},"author":1,"featured_media":0,"parent":0,"menu_order":7,"comment_status":"closed","ping_status":"closed","template":"","meta":{"footnotes":""},"class_list":["post-18922","page","type-page","status-publish","hentry"],"_links":{"self":[{"href":"https:\/\/www.apub.org.br\/siteantigo\/wp-json\/wp\/v2\/pages\/18922","targetHints":{"allow":["GET"]}}],"collection":[{"href":"https:\/\/www.apub.org.br\/siteantigo\/wp-json\/wp\/v2\/pages"}],"about":[{"href":"https:\/\/www.apub.org.br\/siteantigo\/wp-json\/wp\/v2\/types\/page"}],"author":[{"embeddable":true,"href":"https:\/\/www.apub.org.br\/siteantigo\/wp-json\/wp\/v2\/users\/1"}],"replies":[{"embeddable":true,"href":"https:\/\/www.apub.org.br\/siteantigo\/wp-json\/wp\/v2\/comments?post=18922"}],"version-history":[{"count":13,"href":"https:\/\/www.apub.org.br\/siteantigo\/wp-json\/wp\/v2\/pages\/18922\/revisions"}],"predecessor-version":[{"id":50607,"href":"https:\/\/www.apub.org.br\/siteantigo\/wp-json\/wp\/v2\/pages\/18922\/revisions\/50607"}],"wp:attachment":[{"href":"https:\/\/www.apub.org.br\/siteantigo\/wp-json\/wp\/v2\/media?parent=18922"}],"curies":[{"name":"wp","href":"https:\/\/api.w.org\/{rel}","templated":true}]}}